{"id":713,"date":"2024-01-21T23:47:59","date_gmt":"2024-01-21T20:47:59","guid":{"rendered":"https:\/\/doga4.bahri.win\/?page_id=713"},"modified":"2025-09-19T14:04:40","modified_gmt":"2025-09-19T11:04:40","slug":"us-in-the-press","status":"publish","type":"page","link":"https:\/\/dogahospital.com\/en\/corporate-2\/us-in-the-press\/","title":{"rendered":"Us in the Press"},"content":{"rendered":"<div data-elementor-type=\"wp-page\" data-elementor-id=\"713\" class=\"elementor elementor-713\" data-elementor-settings=\"{&quot;element_pack_global_tooltip_width&quot;:{&quot;unit&quot;:&quot;px&quot;,&quot;size&quot;:&quot;&quot;,&quot;sizes&quot;:[]},&quot;element_pack_global_tooltip_width_tablet&quot;:{&quot;unit&quot;:&quot;px&quot;,&quot;size&quot;:&quot;&quot;,&quot;sizes&quot;:[]},&quot;element_pack_global_tooltip_width_mobile&quot;:{&quot;unit&quot;:&quot;px&quot;,&quot;size&quot;:&quot;&quot;,&quot;sizes&quot;:[]},&quot;element_pack_global_tooltip_padding&quot;:{&quot;unit&quot;:&quot;px&quot;,&quot;top&quot;:&quot;&quot;,&quot;right&quot;:&quot;&quot;,&quot;bottom&quot;:&quot;&quot;,&quot;left&quot;:&quot;&quot;,&quot;isLinked&quot;:true},&quot;element_pack_global_tooltip_padding_tablet&quot;:{&quot;unit&quot;:&quot;px&quot;,&quot;top&quot;:&quot;&quot;,&quot;right&quot;:&quot;&quot;,&quot;bottom&quot;:&quot;&quot;,&quot;left&quot;:&quot;&quot;,&quot;isLinked&quot;:true},&quot;element_pack_global_tooltip_padding_mobile&quot;:{&quot;unit&quot;:&quot;px&quot;,&quot;top&quot;:&quot;&quot;,&quot;right&quot;:&quot;&quot;,&quot;bottom&quot;:&quot;&quot;,&quot;left&quot;:&quot;&quot;,&quot;isLinked&quot;:true},&quot;element_pack_global_tooltip_border_radius&quot;:{&quot;unit&quot;:&quot;px&quot;,&quot;top&quot;:&quot;&quot;,&quot;right&quot;:&quot;&quot;,&quot;bottom&quot;:&quot;&quot;,&quot;left&quot;:&quot;&quot;,&quot;isLinked&quot;:true},&quot;element_pack_global_tooltip_border_radius_tablet&quot;:{&quot;unit&quot;:&quot;px&quot;,&quot;top&quot;:&quot;&quot;,&quot;right&quot;:&quot;&quot;,&quot;bottom&quot;:&quot;&quot;,&quot;left&quot;:&quot;&quot;,&quot;isLinked&quot;:true},&quot;element_pack_global_tooltip_border_radius_mobile&quot;:{&quot;unit&quot;:&quot;px&quot;,&quot;top&quot;:&quot;&quot;,&quot;right&quot;:&quot;&quot;,&quot;bottom&quot;:&quot;&quot;,&quot;left&quot;:&quot;&quot;,&quot;isLinked&quot;:true}}\" data-elementor-post-type=\"page\">\n\t\t\t\t\t\t<section class=\"elementor-section elementor-top-section elementor-element elementor-element-dae8ab9 elementor-section-height-min-height elementor-section-boxed elementor-section-height-default elementor-section-items-middle\" data-id=\"dae8ab9\" data-element_type=\"section\" data-settings=\"{&quot;background_background&quot;:&quot;classic&quot;}\">\n\t\t\t\t\t\t\t<div class=\"elementor-background-overlay\"><\/div>\n\t\t\t\t\t\t\t<div class=\"elementor-container elementor-column-gap-default\">\n\t\t\t\t\t<div class=\"elementor-column elementor-col-100 elementor-top-column elementor-element elementor-element-bdca48a\" data-id=\"bdca48a\" data-element_type=\"column\">\n\t\t\t<div class=\"elementor-widget-wrap elementor-element-populated\">\n\t\t\t\t\t\t<div class=\"elementor-element elementor-element-95199b3 elementor-widget elementor-widget-heading\" data-id=\"95199b3\" data-element_type=\"widget\" data-widget_type=\"heading.default\">\n\t\t\t\t<div class=\"elementor-widget-container\">\n\t\t\t\t\t<h1 class=\"elementor-heading-title elementor-size-default\">Us in the Press<\/h1>\t\t\t\t<\/div>\n\t\t\t\t<\/div>\n\t\t\t\t<div class=\"elementor-element elementor-element-59ef36f elementor-widget elementor-widget-breadcrumbs\" data-id=\"59ef36f\" data-element_type=\"widget\" data-widget_type=\"breadcrumbs.default\">\n\t\t\t\t<div class=\"elementor-widget-container\">\n\t\t\t\t\t<nav aria-label=\"breadcrumbs\" class=\"rank-math-breadcrumb\"><p><span class=\"last\">Home Page<\/span><\/p><\/nav>\t\t\t\t<\/div>\n\t\t\t\t<\/div>\n\t\t\t\t\t<\/div>\n\t\t<\/div>\n\t\t\t\t\t<\/div>\n\t\t<\/section>\n\t\t\t\t<section class=\"elementor-section elementor-top-section elementor-element elementor-element-7ef2d6c elementor-section-boxed elementor-section-height-default elementor-section-height-default\" data-id=\"7ef2d6c\" data-element_type=\"section\">\n\t\t\t\t\t\t<div class=\"elementor-container elementor-column-gap-default\">\n\t\t\t\t\t<div class=\"elementor-column elementor-col-50 elementor-top-column elementor-element elementor-element-5a8d367\" data-id=\"5a8d367\" data-element_type=\"column\">\n\t\t\t<div class=\"elementor-widget-wrap elementor-element-populated\">\n\t\t\t\t\t\t<div class=\"elementor-element elementor-element-0ab25f6 bdt-submenu-type-outer bdt-submenu-column-1 elementor-widget elementor-widget-global elementor-global-1366 elementor-widget-bdt-vertical-menu\" data-id=\"0ab25f6\" data-element_type=\"widget\" data-widget_type=\"bdt-vertical-menu.default\">\n\t\t\t\t<div class=\"elementor-widget-container\">\n\t\t\t\t\t\t\t<div class=\"bdt-vertical-menu\" data-settings=\"{&quot;id&quot;:&quot;bdt-metismenu-0ab25f6&quot;,&quot;removeParentLink&quot;:&quot;no&quot;}\">\n\n\t\t\t\t\t\t\t\t\t<nav class=\"sidebar-nav\">\n\t\t\t<ul class=\"metismenu\" id=\"bdt-metismenu-0ab25f6\">\n\n\t\t\t\t\n\t\t\t\t\t\t\t\t\t\t\t<li class=\"bdt-menu-item\">\n\t\t\t\t\t\t\t<a class=\"\" href=\"\/en\/about-us\/\">\n\t\t\t\t\t\t\t\t\t\t\t\t\t\t\t\tAbout Us\t\t\t\t\t\t\t<\/a>\n\t\t\t\t\t\t\n\t\t\t\t\t\t\n\t\t\t\t\t\t\t\n\t\t\t\t\t\t\t\t\t\t\t<\/li>\n\t\t\t\t\t\n\t\t\t\t\n\t\t\t\t\t\t\t\t\t\t\t<li class=\"bdt-menu-item\">\n\t\t\t\t\t\t\t<a class=\"\" href=\"\/en\/from-the-chief-physician\/\">\n\t\t\t\t\t\t\t\t\t\t\t\t\t\t\t\tFrom the Chief Physician\t\t\t\t\t\t\t<\/a>\n\t\t\t\t\t\t\n\t\t\t\t\t\t\n\t\t\t\t\t\t\t\n\t\t\t\t\t\t\t\t\t\t\t<\/li>\n\t\t\t\t\t\n\t\t\t\t\n\t\t\t\t\t\t\t\t\t\t\t<li class=\"bdt-menu-item\">\n\t\t\t\t\t\t\t<a class=\"\" href=\"\/en\/human-resources\/\">\n\t\t\t\t\t\t\t\t\t\t\t\t\t\t\t\tHuman Resources\t\t\t\t\t\t\t<\/a>\n\t\t\t\t\t\t\n\t\t\t\t\t\t\n\t\t\t\t\t\t\t\n\t\t\t\t\t\t\t\t\t\t\t<\/li>\n\t\t\t\t\t\n\t\t\t\t\n\t\t\t\t\t\t\t\t\t\t\t<li class=\"bdt-menu-item\">\n\t\t\t\t\t\t\t<a class=\"\" href=\"\/en\/contracted-institutions\/\">\n\t\t\t\t\t\t\t\t\t\t\t\t\t\t\t\tContracted Institutions\t\t\t\t\t\t\t<\/a>\n\t\t\t\t\t\t\n\t\t\t\t\t\t\n\t\t\t\t\t\t\t\n\t\t\t\t\t\t\t\t\t\t\t<\/li>\n\t\t\t\t\t\n\t\t\t\t\n\t\t\t\t\t\t\t\t\t\t\t<li class=\"bdt-menu-item\">\n\t\t\t\t\t\t\t<a class=\"\" href=\"\/en\/nursing-services\/\">\n\t\t\t\t\t\t\t\t\t\t\t\t\t\t\t\tNursing Services\t\t\t\t\t\t\t<\/a>\n\t\t\t\t\t\t\n\t\t\t\t\t\t\n\t\t\t\t\t\t\t\n\t\t\t\t\t\t\t\t\t\t\t<\/li>\n\t\t\t\t\t\n\t\t\t\t\n\t\t\t\t\t\t\t\t\t\t\t<li class=\"bdt-menu-item\">\n\t\t\t\t\t\t\t<a class=\"\" href=\"\/en\/our-events\/\">\n\t\t\t\t\t\t\t\t\t\t\t\t\t\t\t\tOur Events\t\t\t\t\t\t\t<\/a>\n\t\t\t\t\t\t\n\t\t\t\t\t\t\n\t\t\t\t\t\t\t\n\t\t\t\t\t\t\t\t\t\t\t<\/li>\n\t\t\t\t\t\n\t\t\t\t\n\t\t\t\t\t\t\t\t\t\t\t<li class=\"bdt-menu-item\">\n\t\t\t\t\t\t\t<a class=\"\" href=\"\/en\/hospital-photographs\/\">\n\t\t\t\t\t\t\t\t\t\t\t\t\t\t\t\tHospital Photos\t\t\t\t\t\t\t<\/a>\n\t\t\t\t\t\t\n\t\t\t\t\t\t\n\t\t\t\t\t\t\t\n\t\t\t\t\t\t\t\t\t\t\t<\/li>\n\t\t\t\t\t\n\t\t\t\t\n\t\t\t\t\t\t\t\t\t\t\t<li class=\"bdt-menu-item\">\n\t\t\t\t\t\t\t<a class=\"\" href=\"\/en\/us-in-the-press\/\">\n\t\t\t\t\t\t\t\t\t\t\t\t\t\t\t\tUs in the Press\t\t\t\t\t\t\t<\/a>\n\t\t\t\t\t\t\n\t\t\t\t\t\t\n\t\t\t\t\t\t\t\n\t\t\t\t\t\t\t\t\t\t\t<\/li>\n\t\t\t\t\t\n\t\t\t\t\t\t\t<\/ul>\n\t\t<\/nav>\n\t\t\t\t\t\n\t\t<\/div>\n\t\t\t\t\t\t<\/div>\n\t\t\t\t<\/div>\n\t\t\t\t\t<\/div>\n\t\t<\/div>\n\t\t\t\t<div class=\"elementor-column elementor-col-50 elementor-top-column elementor-element elementor-element-de60ca0\" data-id=\"de60ca0\" data-element_type=\"column\">\n\t\t\t<div class=\"elementor-widget-wrap elementor-element-populated\">\n\t\t\t\t\t\t<div class=\"elementor-element elementor-element-4a8e0ef gallery-spacing-custom elementor-widget elementor-widget-image-gallery\" data-id=\"4a8e0ef\" data-element_type=\"widget\" data-widget_type=\"image-gallery.default\">\n\t\t\t\t<div class=\"elementor-widget-container\">\n\t\t\t\t\t\t\t<div class=\"elementor-image-gallery\">\n\t\t\t<div id='gallery-1' class='gallery galleryid-713 gallery-columns-3 gallery-size-full'><figure class='gallery-item'>\n\t\t\t<div class='gallery-icon portrait'>\n\t\t\t\t<a data-elementor-open-lightbox=\"yes\" data-elementor-lightbox-slideshow=\"4a8e0ef\" data-elementor-lightbox-title=\"WhatsApp-Image-2023-06-27-at-23.39.46\" data-e-action-hash=\"#elementor-action%3Aaction%3Dlightbox%26settings%3DeyJpZCI6NzE1LCJ1cmwiOiJodHRwczpcL1wvZG9nYWhvc3BpdGFsLmNvbVwvd3AtY29udGVudFwvdXBsb2Fkc1wvMjAyNFwvMDFcL1doYXRzQXBwLUltYWdlLTIwMjMtMDYtMjctYXQtMjMuMzkuNDYuanBlZyIsInNsaWRlc2hvdyI6IjRhOGUwZWYifQ%3D%3D\" href='https:\/\/dogahospital.com\/wp-content\/uploads\/2024\/01\/WhatsApp-Image-2023-06-27-at-23.39.46.jpeg'><img fetchpriority=\"high\" decoding=\"async\" width=\"503\" height=\"635\" src=\"https:\/\/dogahospital.com\/wp-content\/uploads\/2024\/01\/WhatsApp-Image-2023-06-27-at-23.39.46.jpeg\" class=\"attachment-full size-full\" alt=\"\" srcset=\"https:\/\/dogahospital.com\/wp-content\/uploads\/2024\/01\/WhatsApp-Image-2023-06-27-at-23.39.46.jpeg 503w, https:\/\/dogahospital.com\/wp-content\/uploads\/2024\/01\/WhatsApp-Image-2023-06-27-at-23.39.46-238x300.jpeg 238w\" sizes=\"(max-width: 503px) 100vw, 503px\" title=\"\"><\/a>\n\t\t\t<\/div><\/figure><figure class='gallery-item'>\n\t\t\t<div class='gallery-icon portrait'>\n\t\t\t\t<a data-elementor-open-lightbox=\"yes\" data-elementor-lightbox-slideshow=\"4a8e0ef\" data-elementor-lightbox-title=\"WhatsApp-Image-2023-06-27-at-23.39.46-1\" data-e-action-hash=\"#elementor-action%3Aaction%3Dlightbox%26settings%3DeyJpZCI6NzE2LCJ1cmwiOiJodHRwczpcL1wvZG9nYWhvc3BpdGFsLmNvbVwvd3AtY29udGVudFwvdXBsb2Fkc1wvMjAyNFwvMDFcL1doYXRzQXBwLUltYWdlLTIwMjMtMDYtMjctYXQtMjMuMzkuNDYtMS5qcGVnIiwic2xpZGVzaG93IjoiNGE4ZTBlZiJ9\" href='https:\/\/dogahospital.com\/wp-content\/uploads\/2024\/01\/WhatsApp-Image-2023-06-27-at-23.39.46-1.jpeg'><img decoding=\"async\" width=\"713\" height=\"773\" src=\"https:\/\/dogahospital.com\/wp-content\/uploads\/2024\/01\/WhatsApp-Image-2023-06-27-at-23.39.46-1.jpeg\" class=\"attachment-full size-full\" alt=\"\" srcset=\"https:\/\/dogahospital.com\/wp-content\/uploads\/2024\/01\/WhatsApp-Image-2023-06-27-at-23.39.46-1.jpeg 713w, https:\/\/dogahospital.com\/wp-content\/uploads\/2024\/01\/WhatsApp-Image-2023-06-27-at-23.39.46-1-277x300.jpeg 277w\" sizes=\"(max-width: 713px) 100vw, 713px\" title=\"\"><\/a>\n\t\t\t<\/div><\/figure><figure class='gallery-item'>\n\t\t\t<div class='gallery-icon portrait'>\n\t\t\t\t<a data-elementor-open-lightbox=\"yes\" data-elementor-lightbox-slideshow=\"4a8e0ef\" data-elementor-lightbox-title=\"WhatsApp-Image-2023-06-27-at-23.39.47\" data-e-action-hash=\"#elementor-action%3Aaction%3Dlightbox%26settings%3DeyJpZCI6NzE3LCJ1cmwiOiJodHRwczpcL1wvZG9nYWhvc3BpdGFsLmNvbVwvd3AtY29udGVudFwvdXBsb2Fkc1wvMjAyNFwvMDFcL1doYXRzQXBwLUltYWdlLTIwMjMtMDYtMjctYXQtMjMuMzkuNDcuanBlZyIsInNsaWRlc2hvdyI6IjRhOGUwZWYifQ%3D%3D\" href='https:\/\/dogahospital.com\/wp-content\/uploads\/2024\/01\/WhatsApp-Image-2023-06-27-at-23.39.47.jpeg'><img decoding=\"async\" width=\"605\" height=\"815\" src=\"https:\/\/dogahospital.com\/wp-content\/uploads\/2024\/01\/WhatsApp-Image-2023-06-27-at-23.39.47.jpeg\" class=\"attachment-full size-full\" alt=\"\" srcset=\"https:\/\/dogahospital.com\/wp-content\/uploads\/2024\/01\/WhatsApp-Image-2023-06-27-at-23.39.47.jpeg 605w, https:\/\/dogahospital.com\/wp-content\/uploads\/2024\/01\/WhatsApp-Image-2023-06-27-at-23.39.47-223x300.jpeg 223w\" sizes=\"(max-width: 605px) 100vw, 605px\" title=\"\"><\/a>\n\t\t\t<\/div><\/figure>\n\t\t<\/div>\n\t\t<\/div>\n\t\t\t\t\t\t<\/div>\n\t\t\t\t<\/div>\n\t\t\t\t\t<\/div>\n\t\t<\/div>\n\t\t\t\t\t<\/div>\n\t\t<\/section>\n\t\t\t\t<\/div>","protected":false},"excerpt":{"rendered":"<p>Ana Sayfa Hakk\u0131m\u0131zda Ba\u015fhekimden \u0130nsan Kaynaklar\u0131 Anla\u015fmal\u0131 Kurumlar Hem\u015firelik Hizmetleri Etkinliklerimiz Hastane Foto\u011fraflar\u0131 Bas\u0131nda Biz<\/p>","protected":false},"author":1,"featured_media":0,"parent":3034,"menu_order":0,"comment_status":"closed","ping_status":"closed","template":"elementor_header_footer","meta":{"footnotes":""},"class_list":["post-713","page","type-page","status-publish","hentry"],"_links":{"self":[{"href":"https:\/\/dogahospital.com\/en\/wp-json\/wp\/v2\/pages\/713","targetHints":{"allow":["GET"]}}],"collection":[{"href":"https:\/\/dogahospital.com\/en\/wp-json\/wp\/v2\/pages"}],"about":[{"href":"https:\/\/dogahospital.com\/en\/wp-json\/wp\/v2\/types\/page"}],"author":[{"embeddable":true,"href":"https:\/\/dogahospital.com\/en\/wp-json\/wp\/v2\/users\/1"}],"replies":[{"embeddable":true,"href":"https:\/\/dogahospital.com\/en\/wp-json\/wp\/v2\/comments?post=713"}],"version-history":[{"count":0,"href":"https:\/\/dogahospital.com\/en\/wp-json\/wp\/v2\/pages\/713\/revisions"}],"up":[{"embeddable":true,"href":"https:\/\/dogahospital.com\/en\/wp-json\/wp\/v2\/pages\/3034"}],"wp:attachment":[{"href":"https:\/\/dogahospital.com\/en\/wp-json\/wp\/v2\/media?parent=713"}],"curies":[{"name":"wp","href":"https:\/\/api.w.org\/{rel}","templated":true}]}}