{"id":653,"date":"2024-01-21T23:16:03","date_gmt":"2024-01-21T20:16:03","guid":{"rendered":"https:\/\/doga4.bahri.win\/?page_id=653"},"modified":"2024-08-09T20:40:17","modified_gmt":"2024-08-09T17:40:17","slug":"patient-and-visitor-guide","status":"publish","type":"page","link":"https:\/\/dogahospital.com\/en\/patient-and-visitor-guide\/","title":{"rendered":"Patient and Visitor Guide"},"content":{"rendered":"<div data-elementor-type=\"wp-page\" data-elementor-id=\"653\" class=\"elementor elementor-653\" data-elementor-settings=\"{&quot;element_pack_global_tooltip_width&quot;:{&quot;unit&quot;:&quot;px&quot;,&quot;size&quot;:&quot;&quot;,&quot;sizes&quot;:[]},&quot;element_pack_global_tooltip_width_tablet&quot;:{&quot;unit&quot;:&quot;px&quot;,&quot;size&quot;:&quot;&quot;,&quot;sizes&quot;:[]},&quot;element_pack_global_tooltip_width_mobile&quot;:{&quot;unit&quot;:&quot;px&quot;,&quot;size&quot;:&quot;&quot;,&quot;sizes&quot;:[]},&quot;element_pack_global_tooltip_padding&quot;:{&quot;unit&quot;:&quot;px&quot;,&quot;top&quot;:&quot;&quot;,&quot;right&quot;:&quot;&quot;,&quot;bottom&quot;:&quot;&quot;,&quot;left&quot;:&quot;&quot;,&quot;isLinked&quot;:true},&quot;element_pack_global_tooltip_padding_tablet&quot;:{&quot;unit&quot;:&quot;px&quot;,&quot;top&quot;:&quot;&quot;,&quot;right&quot;:&quot;&quot;,&quot;bottom&quot;:&quot;&quot;,&quot;left&quot;:&quot;&quot;,&quot;isLinked&quot;:true},&quot;element_pack_global_tooltip_padding_mobile&quot;:{&quot;unit&quot;:&quot;px&quot;,&quot;top&quot;:&quot;&quot;,&quot;right&quot;:&quot;&quot;,&quot;bottom&quot;:&quot;&quot;,&quot;left&quot;:&quot;&quot;,&quot;isLinked&quot;:true},&quot;element_pack_global_tooltip_border_radius&quot;:{&quot;unit&quot;:&quot;px&quot;,&quot;top&quot;:&quot;&quot;,&quot;right&quot;:&quot;&quot;,&quot;bottom&quot;:&quot;&quot;,&quot;left&quot;:&quot;&quot;,&quot;isLinked&quot;:true},&quot;element_pack_global_tooltip_border_radius_tablet&quot;:{&quot;unit&quot;:&quot;px&quot;,&quot;top&quot;:&quot;&quot;,&quot;right&quot;:&quot;&quot;,&quot;bottom&quot;:&quot;&quot;,&quot;left&quot;:&quot;&quot;,&quot;isLinked&quot;:true},&quot;element_pack_global_tooltip_border_radius_mobile&quot;:{&quot;unit&quot;:&quot;px&quot;,&quot;top&quot;:&quot;&quot;,&quot;right&quot;:&quot;&quot;,&quot;bottom&quot;:&quot;&quot;,&quot;left&quot;:&quot;&quot;,&quot;isLinked&quot;:true}}\" data-elementor-post-type=\"page\">\n\t\t\t\t\t\t<section class=\"elementor-section elementor-top-section elementor-element elementor-element-dae8ab9 elementor-section-height-min-height elementor-section-boxed elementor-section-height-default elementor-section-items-middle\" data-id=\"dae8ab9\" data-element_type=\"section\" data-settings=\"{&quot;background_background&quot;:&quot;classic&quot;}\">\n\t\t\t\t\t\t<div class=\"elementor-container elementor-column-gap-default\">\n\t\t\t\t\t<div class=\"elementor-column elementor-col-100 elementor-top-column elementor-element elementor-element-bdca48a\" data-id=\"bdca48a\" data-element_type=\"column\">\n\t\t\t<div class=\"elementor-widget-wrap elementor-element-populated\">\n\t\t\t\t\t\t<div class=\"elementor-element elementor-element-95199b3 elementor-widget elementor-widget-heading\" data-id=\"95199b3\" data-element_type=\"widget\" data-widget_type=\"heading.default\">\n\t\t\t\t<div class=\"elementor-widget-container\">\n\t\t\t\t\t<h2 class=\"elementor-heading-title elementor-size-default\">Patient and Visitor Guide<\/h2>\t\t\t\t<\/div>\n\t\t\t\t<\/div>\n\t\t\t\t<div class=\"elementor-element elementor-element-2f4606a elementor-widget elementor-widget-bdt-breadcrumbs\" data-id=\"2f4606a\" data-element_type=\"widget\" data-widget_type=\"bdt-breadcrumbs.default\">\n\t\t\t\t<div class=\"elementor-widget-container\">\n\t\t\t\t\t<div class='bdt-ep-breadcrumbs-wrapper'><ul class=\"bdt-ep-breadcrumb breadcrumb-align-left\"><li><a href=\"https:\/\/dogahospital.com\/en\/\">Private Doga Hospital<\/a><\/li>\n<li><span> Page<\/span><\/li>\n<\/ul><\/div>\t\t\t\t<\/div>\n\t\t\t\t<\/div>\n\t\t\t\t\t<\/div>\n\t\t<\/div>\n\t\t\t\t\t<\/div>\n\t\t<\/section>\n\t\t\t\t<section class=\"elementor-section elementor-top-section elementor-element elementor-element-0cce36f elementor-section-boxed elementor-section-height-default elementor-section-height-default\" data-id=\"0cce36f\" data-element_type=\"section\">\n\t\t\t\t\t\t<div class=\"elementor-container elementor-column-gap-default\">\n\t\t\t\t\t<div class=\"elementor-column elementor-col-100 elementor-top-column elementor-element elementor-element-9670cc3\" data-id=\"9670cc3\" data-element_type=\"column\">\n\t\t\t<div class=\"elementor-widget-wrap elementor-element-populated\">\n\t\t\t\t\t\t<div class=\"elementor-element elementor-element-8843e97 elementor-widget elementor-widget-image\" data-id=\"8843e97\" data-element_type=\"widget\" data-widget_type=\"image.default\">\n\t\t\t\t<div class=\"elementor-widget-container\">\n\t\t\t\t\t\t\t\t\t\t\t\t\t\t\t<img fetchpriority=\"high\" decoding=\"async\" width=\"800\" height=\"489\" src=\"https:\/\/dogahospital.com\/wp-content\/uploads\/2024\/01\/ffddd-1.jpg\" class=\"attachment-large size-large wp-image-655\" alt=\"\" srcset=\"https:\/\/dogahospital.com\/wp-content\/uploads\/2024\/01\/ffddd-1.jpg 900w, https:\/\/dogahospital.com\/wp-content\/uploads\/2024\/01\/ffddd-1-300x183.jpg 300w, https:\/\/dogahospital.com\/wp-content\/uploads\/2024\/01\/ffddd-1-768x469.jpg 768w\" sizes=\"(max-width: 800px) 100vw, 800px\" title=\"\">\t\t\t\t\t\t\t\t\t\t\t\t\t\t\t<\/div>\n\t\t\t\t<\/div>\n\t\t\t\t<div class=\"elementor-element elementor-element-3f6d743 elementor-widget elementor-widget-heading\" data-id=\"3f6d743\" data-element_type=\"widget\" data-widget_type=\"heading.default\">\n\t\t\t\t<div class=\"elementor-widget-container\">\n\t\t\t\t\t<h1 class=\"elementor-heading-title elementor-size-default\">PATIENT AND VISITOR GUIDE<\/h1>\t\t\t\t<\/div>\n\t\t\t\t<\/div>\n\t\t\t\t<div class=\"elementor-element elementor-element-37fd77c elementor-widget elementor-widget-text-editor\" data-id=\"37fd77c\" data-element_type=\"widget\" data-widget_type=\"text-editor.default\">\n\t\t\t\t<div class=\"elementor-widget-container\">\n\t\t\t\t\t\t\t\t\t<h4><strong>VISIT AND ACCOMPANIMENT POLICY<\/strong><\/h4><h5>VISIT RULES<\/h5><p>- Patient visits should be carried out in accordance with the procedures determined by the institution and organization, in a way that will not cause situations that will disturb the peace and tranquility of the patients.<\/p><p>- Patient wards can be visited between 10.00 - 22.00. These hours are organized taking into account the care and sleep times of the patients.<\/p><p>- In the wards, it should be ensured that the duration of the visit does not exceed 15 minutes and that there are no more than 2 visitors in the room.<\/p><p>- Children under 2 years of age should not be brought to visit the sick.<\/p><p>- Flowers with soil and bouquets of flowers to be placed in a vase should not be brought to visit. These flowers are not accepted in patient wards as they carry a risk of infection for your patient.<\/p><p>- Please do not sit on the patient's bed during the visit to avoid the risk of infection.<\/p><p>- Equipment connected to the patient must not be touched during the visit.<\/p><p>- If there are warning signs on your patient's room door, pay attention and follow the rules.<\/p><p>- Patients should not bring food and drink from outside.<\/p><p>- No gifts other than books, magazines, newspapers, hygienic care products should be brought to the visit.<\/p><p>- In special cases not authorized by your doctor (patients with infectious diseases, patients with weakened immune systems), you should not insist on a patient visit.<\/p><p>- It is forbidden to bring alcohol and drugs to patients.<\/p><p>- In accordance with the hygiene rules of our hospital, garbage should not be thrown on the floor and the rules should be followed.<\/p><p>- Patients and their relatives must follow the instructions of our doctors and nurses.<\/p><p>- During the visit, patients should not speak loudly to disturb patients in other rooms, patient privacy should be respected and no noise should be made in the corridors.<\/p><p>- During the visit, the warnings of the staff should be followed and the visit should be terminated at the end of the visiting hours.<\/p><p>- Smoking is prohibited in and around the hospital.<\/p><p>- It is forbidden to come to the hospital with sharp instruments, flammable and explosive devices.<\/p><p>- If you have a contagious disease such as flu, cold, etc., you should not visit the sick.<\/p><p>- Pediatric patients need the approval of their doctor to be visited by siblings and friends.<\/p><h3>COMPANION POLICY<\/h3><p>- The patient's doctor determines whether the patient needs an accompanying person.<\/p><p>- The number of companions is limited to one person.<\/p><p>- The accompanying person must not be present during rounds and medical care.<\/p><p>- The nurse in charge of the ward will issue a companion card for the accompanying person.<\/p><p>- The companion assists in the care of the patient to the extent permitted.<\/p><p>- The companion must comply with all the rules set by the hospital.<\/p><p>- Some clinics do not have an accompanying person.<\/p>\t\t\t\t\t\t\t\t<\/div>\n\t\t\t\t<\/div>\n\t\t\t\t\t<\/div>\n\t\t<\/div>\n\t\t\t\t\t<\/div>\n\t\t<\/section>\n\t\t\t\t<\/div>","protected":false},"excerpt":{"rendered":"<p>\u00d6zel Do\u011fa Hospital Page HASTA VE Z\u0130YARET\u00c7\u0130 REHBER\u0130 Z\u0130YARET VE REFAKAT POL\u0130T\u0130KASI Z\u0130YARET KURALLARI \u2022 Hasta ziyaretleri kurum ve kurulu\u015f\u00e7a belirlenen prosed\u00fcrlere uygun olarak, hastalar\u0131n huzur ve s\u00fck\u00fbnetini bozacak durumlara sebebiyet vermeyecek \u015fekilde yap\u0131lmal\u0131d\u0131r. \u2022 Hasta servislerinde 10.00 &#8211; 22.00 saatleri aras\u0131nda ziyaret yap\u0131labilir. Bu saatler hastalar\u0131n bak\u0131m ve uyku zamanlar\u0131 dikkate al\u0131narak d\u00fczenlenmi\u015ftir. \u2022 [&hellip;]<\/p>","protected":false},"author":1,"featured_media":0,"parent":0,"menu_order":0,"comment_status":"closed","ping_status":"closed","template":"elementor_header_footer","meta":{"footnotes":""},"class_list":["post-653","page","type-page","status-publish","hentry"],"_links":{"self":[{"href":"https:\/\/dogahospital.com\/en\/wp-json\/wp\/v2\/pages\/653","targetHints":{"allow":["GET"]}}],"collection":[{"href":"https:\/\/dogahospital.com\/en\/wp-json\/wp\/v2\/pages"}],"about":[{"href":"https:\/\/dogahospital.com\/en\/wp-json\/wp\/v2\/types\/page"}],"author":[{"embeddable":true,"href":"https:\/\/dogahospital.com\/en\/wp-json\/wp\/v2\/users\/1"}],"replies":[{"embeddable":true,"href":"https:\/\/dogahospital.com\/en\/wp-json\/wp\/v2\/comments?post=653"}],"version-history":[{"count":0,"href":"https:\/\/dogahospital.com\/en\/wp-json\/wp\/v2\/pages\/653\/revisions"}],"wp:attachment":[{"href":"https:\/\/dogahospital.com\/en\/wp-json\/wp\/v2\/media?parent=653"}],"curies":[{"name":"wp","href":"https:\/\/api.w.org\/{rel}","templated":true}]}}