{"id":611,"date":"2024-01-21T23:08:35","date_gmt":"2024-01-21T20:08:35","guid":{"rendered":"https:\/\/doga4.bahri.win\/?page_id=611"},"modified":"2025-01-27T13:43:32","modified_gmt":"2025-01-27T10:43:32","slug":"about-us","status":"publish","type":"page","link":"https:\/\/dogahospital.com\/en\/corporate-2\/about-us\/","title":{"rendered":"About Us"},"content":{"rendered":"<div data-elementor-type=\"wp-page\" data-elementor-id=\"611\" class=\"elementor elementor-611\" data-elementor-settings=\"{&quot;element_pack_global_tooltip_width&quot;:{&quot;unit&quot;:&quot;px&quot;,&quot;size&quot;:&quot;&quot;,&quot;sizes&quot;:[]},&quot;element_pack_global_tooltip_width_tablet&quot;:{&quot;unit&quot;:&quot;px&quot;,&quot;size&quot;:&quot;&quot;,&quot;sizes&quot;:[]},&quot;element_pack_global_tooltip_width_mobile&quot;:{&quot;unit&quot;:&quot;px&quot;,&quot;size&quot;:&quot;&quot;,&quot;sizes&quot;:[]},&quot;element_pack_global_tooltip_padding&quot;:{&quot;unit&quot;:&quot;px&quot;,&quot;top&quot;:&quot;&quot;,&quot;right&quot;:&quot;&quot;,&quot;bottom&quot;:&quot;&quot;,&quot;left&quot;:&quot;&quot;,&quot;isLinked&quot;:true},&quot;element_pack_global_tooltip_padding_tablet&quot;:{&quot;unit&quot;:&quot;px&quot;,&quot;top&quot;:&quot;&quot;,&quot;right&quot;:&quot;&quot;,&quot;bottom&quot;:&quot;&quot;,&quot;left&quot;:&quot;&quot;,&quot;isLinked&quot;:true},&quot;element_pack_global_tooltip_padding_mobile&quot;:{&quot;unit&quot;:&quot;px&quot;,&quot;top&quot;:&quot;&quot;,&quot;right&quot;:&quot;&quot;,&quot;bottom&quot;:&quot;&quot;,&quot;left&quot;:&quot;&quot;,&quot;isLinked&quot;:true},&quot;element_pack_global_tooltip_border_radius&quot;:{&quot;unit&quot;:&quot;px&quot;,&quot;top&quot;:&quot;&quot;,&quot;right&quot;:&quot;&quot;,&quot;bottom&quot;:&quot;&quot;,&quot;left&quot;:&quot;&quot;,&quot;isLinked&quot;:true},&quot;element_pack_global_tooltip_border_radius_tablet&quot;:{&quot;unit&quot;:&quot;px&quot;,&quot;top&quot;:&quot;&quot;,&quot;right&quot;:&quot;&quot;,&quot;bottom&quot;:&quot;&quot;,&quot;left&quot;:&quot;&quot;,&quot;isLinked&quot;:true},&quot;element_pack_global_tooltip_border_radius_mobile&quot;:{&quot;unit&quot;:&quot;px&quot;,&quot;top&quot;:&quot;&quot;,&quot;right&quot;:&quot;&quot;,&quot;bottom&quot;:&quot;&quot;,&quot;left&quot;:&quot;&quot;,&quot;isLinked&quot;:true}}\" data-elementor-post-type=\"page\">\n\t\t\t\t<div class=\"elementor-element elementor-element-58ea5c5 e-flex e-con-boxed e-con e-parent\" data-id=\"58ea5c5\" data-element_type=\"container\" data-settings=\"{&quot;background_background&quot;:&quot;classic&quot;}\">\n\t\t\t\t\t<div class=\"e-con-inner\">\n\t\t<div class=\"elementor-element elementor-element-6add22e e-con-full e-flex e-con e-child\" data-id=\"6add22e\" data-element_type=\"container\">\n\t\t\t\t<div class=\"elementor-element elementor-element-c40327e elementor-widget elementor-widget-heading\" data-id=\"c40327e\" data-element_type=\"widget\" data-widget_type=\"heading.default\">\n\t\t\t\t<div class=\"elementor-widget-container\">\n\t\t\t\t\t<h1 class=\"elementor-heading-title elementor-size-default\">About Us<\/h1>\t\t\t\t<\/div>\n\t\t\t\t<\/div>\n\t\t\t\t<div class=\"elementor-element elementor-element-bfbac22 elementor-widget elementor-widget-breadcrumbs\" data-id=\"bfbac22\" data-element_type=\"widget\" data-widget_type=\"breadcrumbs.default\">\n\t\t\t\t<div class=\"elementor-widget-container\">\n\t\t\t\t\t<nav aria-label=\"breadcrumbs\" class=\"rank-math-breadcrumb\"><p><span class=\"last\">Home Page<\/span><\/p><\/nav>\t\t\t\t<\/div>\n\t\t\t\t<\/div>\n\t\t\t\t<\/div>\n\t\t\t\t\t<\/div>\n\t\t\t\t<\/div>\n\t\t<div class=\"elementor-element elementor-element-77ed82e e-flex e-con-boxed e-con e-parent\" data-id=\"77ed82e\" data-element_type=\"container\">\n\t\t\t\t\t<div class=\"e-con-inner\">\n\t\t\t\t<div class=\"elementor-element elementor-element-df19add elementor-widget elementor-widget-ucaddon_split_hero\" data-id=\"df19add\" data-element_type=\"widget\" data-widget_type=\"ucaddon_split_hero.default\">\n\t\t\t\t<div class=\"elementor-widget-container\">\n\t\t\t\t\t\n<!-- start Split Hero -->\n\t\t<link id='font-awesome-css' href='https:\/\/dogahospital.com\/wp-content\/plugins\/unlimited-elements-for-elementor-premium\/assets_libraries\/font-awesome6\/fontawesome-all.min.css' type='text\/css' rel='stylesheet' >\n\t\t<link id='font-awesome-4-shim-css' href='https:\/\/dogahospital.com\/wp-content\/plugins\/unlimited-elements-for-elementor-premium\/assets_libraries\/font-awesome6\/fontawesome-v4-shims.min.css' type='text\/css' rel='stylesheet' >\n\n<style>\/* widget: Split Hero *\/\n\n#uc_split_hero_elementor_df19add *{\n\tbox-sizing: border-box;\n}\n#uc_split_hero_elementor_df19add\n{\n\tposition:relative;\n\toverflow:hidden;\n\tclear:both;\n    display:flex;\n}\n\n.uc_title\n{\n  font-size:32px;\n}\n\n#uc_split_hero_elementor_df19add .uc_btn\n{\n  display:inline-block;\n  text-decoration:none;\n  text-align:center;\n}\n\n#uc_split_hero_elementor_df19add .uc_container_left\n{\n  flex-grow: 1;\n}\n\n#uc_split_hero_elementor_df19add .uc_container_left\n{\n    display:flex;\n}\n\n#uc_split_hero_elementor_df19add .uc_container_left .uc_container_holder{\n\n  \n}\n#uc_split_hero_elementor_df19add a.uc_logo{\n\tdisplay:block;\n    text-decoration:none;\n}\n\n\n #uc_split_hero_elementor_df19add .uc_container_right {\n\tbackground-size:cover;\n    background-position:center;\n    background-blend-mode: normal;\n   flex-shrink: 0;\n}\n\n\n@media only screen and (max-width: 420px) {\n#uc_split_hero_elementor_df19add .uc_container_right\n{\n  width:100%;\n}\n    #uc_split_hero_elementor_df19add .uc_container_left\n{\n  width:100%;\n}\n\n}\n\n<\/style>\n\n<div class=\"uc_business_header ue-hero\" id=\"uc_split_hero_elementor_df19add\">\n    <div class=\"uc_container_right\" style=\"background-image:url(https:\/\/dogahospital.com\/wp-content\/uploads\/2024\/01\/DSC_1507-scaled-1-1.jpg);\">\n    \t\n    <\/div>\n    \n    <div class=\"uc_container_left\">\n        <div class=\"uc_container_holder\">\t\n\n        \t                                                <div class=\"uc_paragraph uc_text\">Doga Hospital stands out by offering quality healthcare services and affordable solutions in a dense residential area such as Esenyurt in Istanbul. Designed to meet the increasing health needs of the people of the region, our hospital serves with a capacity of 53 beds. With a contemporary and dynamic approach, our hospital provides reliable healthcare services through its expert staff.<\/div>                    <\/div>\n    <\/div>\n<\/div>\n<!-- end Split Hero -->\t\t\t\t<\/div>\n\t\t\t\t<\/div>\n\t\t\t\t\t<\/div>\n\t\t\t\t<\/div>\n\t\t<div class=\"elementor-element elementor-element-6e1a1fa e-flex e-con-boxed e-con e-parent\" data-id=\"6e1a1fa\" data-element_type=\"container\">\n\t\t\t\t\t<div class=\"e-con-inner\">\n\t\t\t\t<div class=\"elementor-element elementor-element-bbb3aca elementor-widget elementor-widget-ucaddon_split_hero\" data-id=\"bbb3aca\" data-element_type=\"widget\" data-widget_type=\"ucaddon_split_hero.default\">\n\t\t\t\t<div class=\"elementor-widget-container\">\n\t\t\t\t\t\n<!-- start Split Hero -->\n\n<style>\/* widget: Split Hero *\/\n\n#uc_split_hero_elementor_bbb3aca *{\n\tbox-sizing: border-box;\n}\n#uc_split_hero_elementor_bbb3aca\n{\n\tposition:relative;\n\toverflow:hidden;\n\tclear:both;\n    display:flex;\n}\n\n.uc_title\n{\n  font-size:32px;\n}\n\n#uc_split_hero_elementor_bbb3aca .uc_btn\n{\n  display:inline-block;\n  text-decoration:none;\n  text-align:center;\n}\n\n#uc_split_hero_elementor_bbb3aca .uc_container_left\n{\n  flex-grow: 1;\n}\n\n#uc_split_hero_elementor_bbb3aca .uc_container_left\n{\n    display:flex;\n}\n\n#uc_split_hero_elementor_bbb3aca .uc_container_left .uc_container_holder{\n\n  \n}\n#uc_split_hero_elementor_bbb3aca a.uc_logo{\n\tdisplay:block;\n    text-decoration:none;\n}\n\n\n #uc_split_hero_elementor_bbb3aca .uc_container_right {\n\tbackground-size:cover;\n    background-position:center;\n    background-blend-mode: normal;\n   flex-shrink: 0;\n}\n\n\n@media only screen and (max-width: 420px) {\n#uc_split_hero_elementor_bbb3aca .uc_container_right\n{\n  width:100%;\n}\n    #uc_split_hero_elementor_bbb3aca .uc_container_left\n{\n  width:100%;\n}\n\n}\n\n<\/style>\n\n<div class=\"uc_business_header ue-hero\" id=\"uc_split_hero_elementor_bbb3aca\">\n    <div class=\"uc_container_right\" style=\"background-image:url(https:\/\/dogahospital.com\/wp-content\/uploads\/2024\/01\/DSC_1442-scaled-1-1.jpg);\">\n    \t\n    <\/div>\n    \n    <div class=\"uc_container_left\">\n        <div class=\"uc_container_holder\">\t\n\n        \t                                                <div class=\"uc_paragraph uc_text\">With its patient-centered approach, high-tech infrastructure and modern design, Do\u011fa Hospital is committed to providing psychological support to patients during the treatment process, providing them and their relatives with a sense of comfort and confidence. The goal of our hospital is to make the \"Do\u011fa Hospital\" difference in Istanbul and throughout Turkey and to ensure the continuity of quality in health services without discrimination. In this direction, Do\u011fa Hospital is determined to take strong and confident steps forward in healthcare services with its growing and expanding goals every day. Do\u011fa Hospital aims to provide the best treatment to its patients with its modern and technological infrastructure, prioritizing medical excellence and patient satisfaction. When you entrust your health to us, we are here not only to provide treatment, but also to support your recovery in a comfortable and peaceful environment. Join us in our quest for excellence in health and experience the privileged service offered by Do\u011fa Hospital.<\/div>                    <\/div>\n    <\/div>\n<\/div>\n<!-- end Split Hero -->\t\t\t\t<\/div>\n\t\t\t\t<\/div>\n\t\t\t\t\t<\/div>\n\t\t\t\t<\/div>\n\t\t\t\t<\/div>","protected":false},"excerpt":{"rendered":"<p>Ana Sayfa Do\u011fa Hospital, \u0130stanbul\u2019un Esenyurt gibi yo\u011fun bir yerle\u015fim b\u00f6lgesinde, kaliteli sa\u011fl\u0131k hizmetleri ve ekonomik \u00e7\u00f6z\u00fcmler sunarak \u00f6ne \u00e7\u0131kmaktad\u0131r. B\u00f6lge halk\u0131n\u0131n artan sa\u011fl\u0131k ihtiya\u00e7lar\u0131n\u0131 kar\u015f\u0131lamak \u00fczere tasarlanm\u0131\u015f olan hastanemiz, 53 yatak kapasitesi ile hizmet vermektedir. Hastanemiz, \u00e7a\u011fda\u015f ve dinamik bir yakla\u015f\u0131mla, uzman kadrosu arac\u0131l\u0131\u011f\u0131yla g\u00fcvenilir sa\u011fl\u0131k hizmeti sa\u011flamaktad\u0131r. Hasta merkezli yakla\u015f\u0131m\u0131, y\u00fcksek teknolojili altyap\u0131s\u0131 [&hellip;]<\/p>","protected":false},"author":1,"featured_media":0,"parent":3034,"menu_order":0,"comment_status":"closed","ping_status":"closed","template":"elementor_header_footer","meta":{"footnotes":""},"class_list":["post-611","page","type-page","status-publish","hentry"],"_links":{"self":[{"href":"https:\/\/dogahospital.com\/en\/wp-json\/wp\/v2\/pages\/611","targetHints":{"allow":["GET"]}}],"collection":[{"href":"https:\/\/dogahospital.com\/en\/wp-json\/wp\/v2\/pages"}],"about":[{"href":"https:\/\/dogahospital.com\/en\/wp-json\/wp\/v2\/types\/page"}],"author":[{"embeddable":true,"href":"https:\/\/dogahospital.com\/en\/wp-json\/wp\/v2\/users\/1"}],"replies":[{"embeddable":true,"href":"https:\/\/dogahospital.com\/en\/wp-json\/wp\/v2\/comments?post=611"}],"version-history":[{"count":0,"href":"https:\/\/dogahospital.com\/en\/wp-json\/wp\/v2\/pages\/611\/revisions"}],"up":[{"embeddable":true,"href":"https:\/\/dogahospital.com\/en\/wp-json\/wp\/v2\/pages\/3034"}],"wp:attachment":[{"href":"https:\/\/dogahospital.com\/en\/wp-json\/wp\/v2\/media?parent=611"}],"curies":[{"name":"wp","href":"https:\/\/api.w.org\/{rel}","templated":true}]}}