{"id":575,"date":"2024-01-21T22:39:56","date_gmt":"2024-01-21T19:39:56","guid":{"rendered":"https:\/\/doga4.bahri.win\/?page_id=575"},"modified":"2025-09-19T14:03:59","modified_gmt":"2025-09-19T11:03:59","slug":"from-the-chief-physician","status":"publish","type":"page","link":"https:\/\/dogahospital.com\/en\/corporate-2\/from-the-chief-physician\/","title":{"rendered":"From the Chief Physician"},"content":{"rendered":"<div data-elementor-type=\"wp-page\" data-elementor-id=\"575\" class=\"elementor elementor-575\" data-elementor-settings=\"{&quot;element_pack_global_tooltip_width&quot;:{&quot;unit&quot;:&quot;px&quot;,&quot;size&quot;:&quot;&quot;,&quot;sizes&quot;:[]},&quot;element_pack_global_tooltip_width_tablet&quot;:{&quot;unit&quot;:&quot;px&quot;,&quot;size&quot;:&quot;&quot;,&quot;sizes&quot;:[]},&quot;element_pack_global_tooltip_width_mobile&quot;:{&quot;unit&quot;:&quot;px&quot;,&quot;size&quot;:&quot;&quot;,&quot;sizes&quot;:[]},&quot;element_pack_global_tooltip_padding&quot;:{&quot;unit&quot;:&quot;px&quot;,&quot;top&quot;:&quot;&quot;,&quot;right&quot;:&quot;&quot;,&quot;bottom&quot;:&quot;&quot;,&quot;left&quot;:&quot;&quot;,&quot;isLinked&quot;:true},&quot;element_pack_global_tooltip_padding_tablet&quot;:{&quot;unit&quot;:&quot;px&quot;,&quot;top&quot;:&quot;&quot;,&quot;right&quot;:&quot;&quot;,&quot;bottom&quot;:&quot;&quot;,&quot;left&quot;:&quot;&quot;,&quot;isLinked&quot;:true},&quot;element_pack_global_tooltip_padding_mobile&quot;:{&quot;unit&quot;:&quot;px&quot;,&quot;top&quot;:&quot;&quot;,&quot;right&quot;:&quot;&quot;,&quot;bottom&quot;:&quot;&quot;,&quot;left&quot;:&quot;&quot;,&quot;isLinked&quot;:true},&quot;element_pack_global_tooltip_border_radius&quot;:{&quot;unit&quot;:&quot;px&quot;,&quot;top&quot;:&quot;&quot;,&quot;right&quot;:&quot;&quot;,&quot;bottom&quot;:&quot;&quot;,&quot;left&quot;:&quot;&quot;,&quot;isLinked&quot;:true},&quot;element_pack_global_tooltip_border_radius_tablet&quot;:{&quot;unit&quot;:&quot;px&quot;,&quot;top&quot;:&quot;&quot;,&quot;right&quot;:&quot;&quot;,&quot;bottom&quot;:&quot;&quot;,&quot;left&quot;:&quot;&quot;,&quot;isLinked&quot;:true},&quot;element_pack_global_tooltip_border_radius_mobile&quot;:{&quot;unit&quot;:&quot;px&quot;,&quot;top&quot;:&quot;&quot;,&quot;right&quot;:&quot;&quot;,&quot;bottom&quot;:&quot;&quot;,&quot;left&quot;:&quot;&quot;,&quot;isLinked&quot;:true}}\" data-elementor-post-type=\"page\">\n\t\t\t\t\t\t<section class=\"elementor-section elementor-top-section elementor-element elementor-element-dae8ab9 elementor-section-height-min-height elementor-section-boxed elementor-section-height-default elementor-section-items-middle\" data-id=\"dae8ab9\" data-element_type=\"section\" data-settings=\"{&quot;background_background&quot;:&quot;classic&quot;}\">\n\t\t\t\t\t\t<div class=\"elementor-container elementor-column-gap-wider\">\n\t\t\t\t\t<div class=\"elementor-column elementor-col-100 elementor-top-column elementor-element elementor-element-bdca48a\" data-id=\"bdca48a\" data-element_type=\"column\">\n\t\t\t<div class=\"elementor-widget-wrap elementor-element-populated\">\n\t\t\t\t\t\t<div class=\"elementor-element elementor-element-95199b3 elementor-widget elementor-widget-heading\" data-id=\"95199b3\" data-element_type=\"widget\" data-widget_type=\"heading.default\">\n\t\t\t\t<div class=\"elementor-widget-container\">\n\t\t\t\t\t<h1 class=\"elementor-heading-title elementor-size-default\">From the Chief Physician<\/h1>\t\t\t\t<\/div>\n\t\t\t\t<\/div>\n\t\t\t\t<div class=\"elementor-element elementor-element-558ba1b elementor-widget elementor-widget-breadcrumbs\" data-id=\"558ba1b\" data-element_type=\"widget\" data-widget_type=\"breadcrumbs.default\">\n\t\t\t\t<div class=\"elementor-widget-container\">\n\t\t\t\t\t<nav aria-label=\"breadcrumbs\" class=\"rank-math-breadcrumb\"><p><span class=\"last\">Home Page<\/span><\/p><\/nav>\t\t\t\t<\/div>\n\t\t\t\t<\/div>\n\t\t\t\t\t<\/div>\n\t\t<\/div>\n\t\t\t\t\t<\/div>\n\t\t<\/section>\n\t\t\t\t<section class=\"elementor-section elementor-top-section elementor-element elementor-element-0cce36f elementor-section-boxed elementor-section-height-default elementor-section-height-default\" data-id=\"0cce36f\" data-element_type=\"section\">\n\t\t\t\t\t\t<div class=\"elementor-container elementor-column-gap-default\">\n\t\t\t\t\t<div class=\"elementor-column elementor-col-50 elementor-top-column elementor-element elementor-element-b840d53\" data-id=\"b840d53\" data-element_type=\"column\">\n\t\t\t<div class=\"elementor-widget-wrap elementor-element-populated\">\n\t\t\t\t\t\t<div class=\"elementor-element elementor-element-3265693 bdt-submenu-type-outer bdt-submenu-column-1 elementor-widget elementor-widget-global elementor-global-1366 elementor-widget-bdt-vertical-menu\" data-id=\"3265693\" data-element_type=\"widget\" data-widget_type=\"bdt-vertical-menu.default\">\n\t\t\t\t<div class=\"elementor-widget-container\">\n\t\t\t\t\t\t\t<div class=\"bdt-vertical-menu\" data-settings=\"{&quot;id&quot;:&quot;bdt-metismenu-3265693&quot;,&quot;removeParentLink&quot;:&quot;no&quot;}\">\n\n\t\t\t\t\t\t\t\t\t<nav class=\"sidebar-nav\">\n\t\t\t<ul class=\"metismenu\" id=\"bdt-metismenu-3265693\">\n\n\t\t\t\t\n\t\t\t\t\t\t\t\t\t\t\t<li class=\"bdt-menu-item\">\n\t\t\t\t\t\t\t<a class=\"\" href=\"\/en\/about-us\/\">\n\t\t\t\t\t\t\t\t\t\t\t\t\t\t\t\tAbout Us\t\t\t\t\t\t\t<\/a>\n\t\t\t\t\t\t\n\t\t\t\t\t\t\n\t\t\t\t\t\t\t\n\t\t\t\t\t\t\t\t\t\t\t<\/li>\n\t\t\t\t\t\n\t\t\t\t\n\t\t\t\t\t\t\t\t\t\t\t<li class=\"bdt-menu-item\">\n\t\t\t\t\t\t\t<a class=\"\" href=\"\/en\/from-the-chief-physician\/\">\n\t\t\t\t\t\t\t\t\t\t\t\t\t\t\t\tFrom the Chief Physician\t\t\t\t\t\t\t<\/a>\n\t\t\t\t\t\t\n\t\t\t\t\t\t\n\t\t\t\t\t\t\t\n\t\t\t\t\t\t\t\t\t\t\t<\/li>\n\t\t\t\t\t\n\t\t\t\t\n\t\t\t\t\t\t\t\t\t\t\t<li class=\"bdt-menu-item\">\n\t\t\t\t\t\t\t<a class=\"\" href=\"\/en\/human-resources\/\">\n\t\t\t\t\t\t\t\t\t\t\t\t\t\t\t\tHuman Resources\t\t\t\t\t\t\t<\/a>\n\t\t\t\t\t\t\n\t\t\t\t\t\t\n\t\t\t\t\t\t\t\n\t\t\t\t\t\t\t\t\t\t\t<\/li>\n\t\t\t\t\t\n\t\t\t\t\n\t\t\t\t\t\t\t\t\t\t\t<li class=\"bdt-menu-item\">\n\t\t\t\t\t\t\t<a class=\"\" href=\"\/en\/contracted-institutions\/\">\n\t\t\t\t\t\t\t\t\t\t\t\t\t\t\t\tContracted Institutions\t\t\t\t\t\t\t<\/a>\n\t\t\t\t\t\t\n\t\t\t\t\t\t\n\t\t\t\t\t\t\t\n\t\t\t\t\t\t\t\t\t\t\t<\/li>\n\t\t\t\t\t\n\t\t\t\t\n\t\t\t\t\t\t\t\t\t\t\t<li class=\"bdt-menu-item\">\n\t\t\t\t\t\t\t<a class=\"\" href=\"\/en\/nursing-services\/\">\n\t\t\t\t\t\t\t\t\t\t\t\t\t\t\t\tNursing Services\t\t\t\t\t\t\t<\/a>\n\t\t\t\t\t\t\n\t\t\t\t\t\t\n\t\t\t\t\t\t\t\n\t\t\t\t\t\t\t\t\t\t\t<\/li>\n\t\t\t\t\t\n\t\t\t\t\n\t\t\t\t\t\t\t\t\t\t\t<li class=\"bdt-menu-item\">\n\t\t\t\t\t\t\t<a class=\"\" href=\"\/en\/our-events\/\">\n\t\t\t\t\t\t\t\t\t\t\t\t\t\t\t\tOur Events\t\t\t\t\t\t\t<\/a>\n\t\t\t\t\t\t\n\t\t\t\t\t\t\n\t\t\t\t\t\t\t\n\t\t\t\t\t\t\t\t\t\t\t<\/li>\n\t\t\t\t\t\n\t\t\t\t\n\t\t\t\t\t\t\t\t\t\t\t<li class=\"bdt-menu-item\">\n\t\t\t\t\t\t\t<a class=\"\" href=\"\/en\/hospital-photographs\/\">\n\t\t\t\t\t\t\t\t\t\t\t\t\t\t\t\tHospital Photos\t\t\t\t\t\t\t<\/a>\n\t\t\t\t\t\t\n\t\t\t\t\t\t\n\t\t\t\t\t\t\t\n\t\t\t\t\t\t\t\t\t\t\t<\/li>\n\t\t\t\t\t\n\t\t\t\t\n\t\t\t\t\t\t\t\t\t\t\t<li class=\"bdt-menu-item\">\n\t\t\t\t\t\t\t<a class=\"\" href=\"\/en\/us-in-the-press\/\">\n\t\t\t\t\t\t\t\t\t\t\t\t\t\t\t\tUs in the Press\t\t\t\t\t\t\t<\/a>\n\t\t\t\t\t\t\n\t\t\t\t\t\t\n\t\t\t\t\t\t\t\n\t\t\t\t\t\t\t\t\t\t\t<\/li>\n\t\t\t\t\t\n\t\t\t\t\t\t\t<\/ul>\n\t\t<\/nav>\n\t\t\t\t\t\n\t\t<\/div>\n\t\t\t\t\t\t<\/div>\n\t\t\t\t<\/div>\n\t\t\t\t\t<\/div>\n\t\t<\/div>\n\t\t\t\t<div class=\"elementor-column elementor-col-50 elementor-top-column elementor-element elementor-element-9670cc3\" data-id=\"9670cc3\" data-element_type=\"column\">\n\t\t\t<div class=\"elementor-widget-wrap elementor-element-populated\">\n\t\t\t\t\t\t<div class=\"elementor-element elementor-element-cde4341 elementor-blockquote--skin-quotation elementor-blockquote--button-color-official elementor-widget elementor-widget-blockquote\" data-id=\"cde4341\" data-element_type=\"widget\" data-widget_type=\"blockquote.default\">\n\t\t\t\t<div class=\"elementor-widget-container\">\n\t\t\t\t\t\t\t<blockquote class=\"elementor-blockquote\">\n\t\t\t<p class=\"elementor-blockquote__content\">\n\t\t\t\tWe act with an understanding that embraces human health as the highest value. In order to provide the citizens of our country with the high quality service they deserve, we have created a modern, reliable and high standard structure with our physicians, each of whom are experts in their fields, and our management and staff who serve with love and do not compromise on quality.\n\nWe are in constant pursuit of innovation and development. We are based on providing health services to our patients in a safe, high quality and hygienic environment. We make every effort to ensure that our patients and their relatives have a comfortable stay in the hospital.\n\nIn addition to medical services, we also offer hotel services to our patients to ensure their satisfaction. Our hospital has a \"Patient Rights Unit\" where our patients can always apply. Our staff treat our patients and their relatives as if they were part of their own family and offer them the necessary attention, love and courtesy.\n\nOver the past five years, our staff, who have been met with intense public interest, have established a warm dialog with our patients and this dialog has been built on a solid relationship of trust. The increasing public interest in our hospital pleases us and increases our motivation.\n\nOur mission is to provide quality, reliable and honest health services to more and more people every year at affordable prices, using the most advanced knowledge and technologies of medicine, without compromising ethical values, always prioritizing the importance of human health. As Private Do\u011fa Hospital, we continue on our way with the responsibility of carrying the steps we have taken today into the future.\t\t\t<\/p>\n\t\t\t\t\t<\/blockquote>\n\t\t\t\t\t\t<\/div>\n\t\t\t\t<\/div>\n\t\t\t\t\t<\/div>\n\t\t<\/div>\n\t\t\t\t\t<\/div>\n\t\t<\/section>\n\t\t\t\t<\/div>","protected":false},"excerpt":{"rendered":"<p>Ana Sayfa Hakk\u0131m\u0131zda Ba\u015fhekimden \u0130nsan Kaynaklar\u0131 Anla\u015fmal\u0131 Kurumlar Hem\u015firelik Hizmetleri Etkinliklerimiz Hastane Foto\u011fraflar\u0131 Bas\u0131nda Biz \u0130nsan sa\u011fl\u0131\u011f\u0131n\u0131 en \u00fcst de\u011fer olarak benimseyen bir anlay\u0131\u015fla hareket ediyoruz. \u00dclkemiz vatanda\u015flar\u0131na hak ettikleri y\u00fcksek kalitede hizmeti sunmak amac\u0131yla, her biri alan\u0131nda uzman hekimlerimiz ve sevgiyle hizmet veren, kaliteden \u00f6d\u00fcn vermeyen y\u00f6netim ve personel kadromuzla \u00e7a\u011fda\u015f, g\u00fcvenilir ve y\u00fcksek [&hellip;]<\/p>","protected":false},"author":1,"featured_media":0,"parent":3034,"menu_order":0,"comment_status":"closed","ping_status":"closed","template":"elementor_header_footer","meta":{"footnotes":""},"class_list":["post-575","page","type-page","status-publish","hentry"],"_links":{"self":[{"href":"https:\/\/dogahospital.com\/en\/wp-json\/wp\/v2\/pages\/575","targetHints":{"allow":["GET"]}}],"collection":[{"href":"https:\/\/dogahospital.com\/en\/wp-json\/wp\/v2\/pages"}],"about":[{"href":"https:\/\/dogahospital.com\/en\/wp-json\/wp\/v2\/types\/page"}],"author":[{"embeddable":true,"href":"https:\/\/dogahospital.com\/en\/wp-json\/wp\/v2\/users\/1"}],"replies":[{"embeddable":true,"href":"https:\/\/dogahospital.com\/en\/wp-json\/wp\/v2\/comments?post=575"}],"version-history":[{"count":0,"href":"https:\/\/dogahospital.com\/en\/wp-json\/wp\/v2\/pages\/575\/revisions"}],"up":[{"embeddable":true,"href":"https:\/\/dogahospital.com\/en\/wp-json\/wp\/v2\/pages\/3034"}],"wp:attachment":[{"href":"https:\/\/dogahospital.com\/en\/wp-json\/wp\/v2\/media?parent=575"}],"curies":[{"name":"wp","href":"https:\/\/api.w.org\/{rel}","templated":true}]}}