{"id":2981,"date":"2024-02-10T14:30:52","date_gmt":"2024-02-10T11:30:52","guid":{"rendered":"https:\/\/dogahospital.com\/?page_id=2981"},"modified":"2025-02-09T07:37:30","modified_gmt":"2025-02-09T04:37:30","slug":"quality-management-system","status":"publish","type":"page","link":"https:\/\/dogahospital.com\/en\/corporate-2\/quality-management-system\/","title":{"rendered":"Quality Management System"},"content":{"rendered":"<div data-elementor-type=\"wp-page\" data-elementor-id=\"2981\" class=\"elementor elementor-2981\" data-elementor-settings=\"{&quot;element_pack_global_tooltip_width&quot;:{&quot;unit&quot;:&quot;px&quot;,&quot;size&quot;:&quot;&quot;,&quot;sizes&quot;:[]},&quot;element_pack_global_tooltip_width_tablet&quot;:{&quot;unit&quot;:&quot;px&quot;,&quot;size&quot;:&quot;&quot;,&quot;sizes&quot;:[]},&quot;element_pack_global_tooltip_width_mobile&quot;:{&quot;unit&quot;:&quot;px&quot;,&quot;size&quot;:&quot;&quot;,&quot;sizes&quot;:[]},&quot;element_pack_global_tooltip_padding&quot;:{&quot;unit&quot;:&quot;px&quot;,&quot;top&quot;:&quot;&quot;,&quot;right&quot;:&quot;&quot;,&quot;bottom&quot;:&quot;&quot;,&quot;left&quot;:&quot;&quot;,&quot;isLinked&quot;:true},&quot;element_pack_global_tooltip_padding_tablet&quot;:{&quot;unit&quot;:&quot;px&quot;,&quot;top&quot;:&quot;&quot;,&quot;right&quot;:&quot;&quot;,&quot;bottom&quot;:&quot;&quot;,&quot;left&quot;:&quot;&quot;,&quot;isLinked&quot;:true},&quot;element_pack_global_tooltip_padding_mobile&quot;:{&quot;unit&quot;:&quot;px&quot;,&quot;top&quot;:&quot;&quot;,&quot;right&quot;:&quot;&quot;,&quot;bottom&quot;:&quot;&quot;,&quot;left&quot;:&quot;&quot;,&quot;isLinked&quot;:true},&quot;element_pack_global_tooltip_border_radius&quot;:{&quot;unit&quot;:&quot;px&quot;,&quot;top&quot;:&quot;&quot;,&quot;right&quot;:&quot;&quot;,&quot;bottom&quot;:&quot;&quot;,&quot;left&quot;:&quot;&quot;,&quot;isLinked&quot;:true},&quot;element_pack_global_tooltip_border_radius_tablet&quot;:{&quot;unit&quot;:&quot;px&quot;,&quot;top&quot;:&quot;&quot;,&quot;right&quot;:&quot;&quot;,&quot;bottom&quot;:&quot;&quot;,&quot;left&quot;:&quot;&quot;,&quot;isLinked&quot;:true},&quot;element_pack_global_tooltip_border_radius_mobile&quot;:{&quot;unit&quot;:&quot;px&quot;,&quot;top&quot;:&quot;&quot;,&quot;right&quot;:&quot;&quot;,&quot;bottom&quot;:&quot;&quot;,&quot;left&quot;:&quot;&quot;,&quot;isLinked&quot;:true}}\" data-elementor-post-type=\"page\">\n\t\t\t\t\t\t<section class=\"elementor-section elementor-top-section elementor-element elementor-element-dae8ab9 elementor-section-height-min-height elementor-section-boxed elementor-section-height-default elementor-section-items-middle\" data-id=\"dae8ab9\" data-element_type=\"section\" data-settings=\"{&quot;background_background&quot;:&quot;classic&quot;}\">\n\t\t\t\t\t\t<div class=\"elementor-container elementor-column-gap-default\">\n\t\t\t\t\t<div class=\"elementor-column elementor-col-100 elementor-top-column elementor-element elementor-element-bdca48a\" data-id=\"bdca48a\" data-element_type=\"column\">\n\t\t\t<div class=\"elementor-widget-wrap elementor-element-populated\">\n\t\t\t\t\t\t<div class=\"elementor-element elementor-element-95199b3 elementor-widget elementor-widget-heading\" data-id=\"95199b3\" data-element_type=\"widget\" data-widget_type=\"heading.default\">\n\t\t\t\t<div class=\"elementor-widget-container\">\n\t\t\t\t\t<h1 class=\"elementor-heading-title elementor-size-default\">Quality Management System<\/h1>\t\t\t\t<\/div>\n\t\t\t\t<\/div>\n\t\t\t\t<div class=\"elementor-element elementor-element-2f4606a elementor-widget elementor-widget-bdt-breadcrumbs\" data-id=\"2f4606a\" data-element_type=\"widget\" data-widget_type=\"bdt-breadcrumbs.default\">\n\t\t\t\t<div class=\"elementor-widget-container\">\n\t\t\t\t\t<div class='bdt-ep-breadcrumbs-wrapper'><ul class=\"bdt-ep-breadcrumb breadcrumb-align-left\"><li><a href=\"https:\/\/dogahospital.com\/en\/\">Private Doga Hospital<\/a><\/li>\n<li><span> Page<\/span><\/li>\n<\/ul><\/div>\t\t\t\t<\/div>\n\t\t\t\t<\/div>\n\t\t\t\t\t<\/div>\n\t\t<\/div>\n\t\t\t\t\t<\/div>\n\t\t<\/section>\n\t\t<div class=\"elementor-element elementor-element-554d7c1 e-flex e-con-boxed e-con e-parent\" data-id=\"554d7c1\" data-element_type=\"container\">\n\t\t\t\t\t<div class=\"e-con-inner\">\n\t\t<div class=\"elementor-element elementor-element-48f435b e-con-full e-flex e-con e-child\" data-id=\"48f435b\" data-element_type=\"container\">\n\t\t\t\t<div class=\"elementor-element elementor-element-faf60f1 elementor-widget elementor-widget-ucaddon_split_hero\" data-id=\"faf60f1\" data-element_type=\"widget\" data-widget_type=\"ucaddon_split_hero.default\">\n\t\t\t\t<div class=\"elementor-widget-container\">\n\t\t\t\t\t\n<!-- start Split Hero -->\n\t\t<link id='font-awesome-css' href='https:\/\/dogahospital.com\/wp-content\/plugins\/unlimited-elements-for-elementor-premium\/assets_libraries\/font-awesome6\/fontawesome-all.min.css' type='text\/css' rel='stylesheet' >\n\t\t<link id='font-awesome-4-shim-css' href='https:\/\/dogahospital.com\/wp-content\/plugins\/unlimited-elements-for-elementor-premium\/assets_libraries\/font-awesome6\/fontawesome-v4-shims.min.css' type='text\/css' rel='stylesheet' >\n\n<style>\/* widget: Split Hero *\/\n\n#uc_split_hero_elementor_faf60f1 *{\n\tbox-sizing: border-box;\n}\n#uc_split_hero_elementor_faf60f1\n{\n\tposition:relative;\n\toverflow:hidden;\n\tclear:both;\n    display:flex;\n}\n\n.uc_title\n{\n  font-size:32px;\n}\n\n#uc_split_hero_elementor_faf60f1 .uc_btn\n{\n  display:inline-block;\n  text-decoration:none;\n  text-align:center;\n}\n\n#uc_split_hero_elementor_faf60f1 .uc_container_left\n{\n  flex-grow: 1;\n}\n\n#uc_split_hero_elementor_faf60f1 .uc_container_left\n{\n    display:flex;\n}\n\n#uc_split_hero_elementor_faf60f1 .uc_container_left .uc_container_holder{\n\n  \n}\n#uc_split_hero_elementor_faf60f1 a.uc_logo{\n\tdisplay:block;\n    text-decoration:none;\n}\n\n\n #uc_split_hero_elementor_faf60f1 .uc_container_right {\n\tbackground-size:cover;\n    background-position:center;\n    background-blend-mode: normal;\n   flex-shrink: 0;\n}\n\n\n@media only screen and (max-width: 420px) {\n#uc_split_hero_elementor_faf60f1 .uc_container_right\n{\n  width:100%;\n}\n    #uc_split_hero_elementor_faf60f1 .uc_container_left\n{\n  width:100%;\n}\n\n}\n\n<\/style>\n\n<div class=\"uc_business_header ue-hero\" id=\"uc_split_hero_elementor_faf60f1\">\n    <div class=\"uc_container_right\" style=\"background-image:url(https:\/\/dogahospital.com\/wp-content\/uploads\/2024\/02\/misyon.png);\">\n    \t\n    <\/div>\n    \n    <div class=\"uc_container_left\">\n        <div class=\"uc_container_holder\">\t\n\n        \t                        <div class=\"uc_title\">What is Quality?<\/div>                        <div class=\"uc_paragraph uc_text\">At Private Do\u011fa Hospital, quality is defined as providing equal service to everyone in need, at the right time, with the right practices, by well-trained specialists, in facilities with adequate resources, without compromising employee safety and satisfaction, in order to achieve the best health outcomes.\n\nIn shorter and more understandable terms, quality is seeing the need and being able to meet it, suitability for use, efficiency, lifestyle.\n\nThe main quality elements at Do\u011fa Hospital are:\n\nTranslated with DeepL.com (free version)<br><br>\n\n<b>\u00bb Leadership Quality.<br>\n\n\u00bb Hardware Quality.<br>\n\n\u00bb Management Quality.<br>\n\n\u00bb Quality of Work.<br>\n\n\u00bb Human Quality<\/div>                    <\/div>\n    <\/div>\n<\/div>\n<!-- end Split Hero -->\t\t\t\t<\/div>\n\t\t\t\t<\/div>\n\t\t\t\t<\/div>\n\t\t\t\t\t<\/div>\n\t\t\t\t<\/div>\n\t\t<div class=\"elementor-element elementor-element-45ec471 e-flex e-con-boxed e-con e-parent\" data-id=\"45ec471\" data-element_type=\"container\">\n\t\t\t\t\t<div class=\"e-con-inner\">\n\t\t<div class=\"elementor-element elementor-element-1462d00 e-con-full e-flex e-con e-child\" data-id=\"1462d00\" data-element_type=\"container\">\n\t\t\t\t<div class=\"elementor-element elementor-element-9468558 elementor-widget elementor-widget-ucaddon_split_hero\" data-id=\"9468558\" data-element_type=\"widget\" data-widget_type=\"ucaddon_split_hero.default\">\n\t\t\t\t<div class=\"elementor-widget-container\">\n\t\t\t\t\t\n<!-- start Split Hero -->\n\n<style>\/* widget: Split Hero *\/\n\n#uc_split_hero_elementor_9468558 *{\n\tbox-sizing: border-box;\n}\n#uc_split_hero_elementor_9468558\n{\n\tposition:relative;\n\toverflow:hidden;\n\tclear:both;\n    display:flex;\n}\n\n.uc_title\n{\n  font-size:32px;\n}\n\n#uc_split_hero_elementor_9468558 .uc_btn\n{\n  display:inline-block;\n  text-decoration:none;\n  text-align:center;\n}\n\n#uc_split_hero_elementor_9468558 .uc_container_left\n{\n  flex-grow: 1;\n}\n\n#uc_split_hero_elementor_9468558 .uc_container_left\n{\n    display:flex;\n}\n\n#uc_split_hero_elementor_9468558 .uc_container_left .uc_container_holder{\n\n  \n}\n#uc_split_hero_elementor_9468558 a.uc_logo{\n\tdisplay:block;\n    text-decoration:none;\n}\n\n\n #uc_split_hero_elementor_9468558 .uc_container_right {\n\tbackground-size:cover;\n    background-position:center;\n    background-blend-mode: normal;\n   flex-shrink: 0;\n}\n\n\n@media only screen and (max-width: 420px) {\n#uc_split_hero_elementor_9468558 .uc_container_right\n{\n  width:100%;\n}\n    #uc_split_hero_elementor_9468558 .uc_container_left\n{\n  width:100%;\n}\n\n}\n\n<\/style>\n\n<div class=\"uc_business_header ue-hero\" id=\"uc_split_hero_elementor_9468558\">\n    <div class=\"uc_container_right\" style=\"background-image:url(https:\/\/dogahospital.com\/wp-content\/uploads\/2024\/02\/qa1.png);\">\n    \t\n    <\/div>\n    \n    <div class=\"uc_container_left\">\n        <div class=\"uc_container_holder\">\t\n\n        \t                        <div class=\"uc_title\">Our Quality Policy<\/div>                        <div class=\"uc_paragraph uc_text\">We aim to carry out our work with the understanding of Total Quality Management in our hospital. With our experienced, specialized, friendly physicians and staff, we combine health services with quality standards by following scientific and technological developments.\n<br><br>\nWe take all measures to ensure the highest level of patient safety and satisfaction. We adopt our goal of excellence in all areas of our preventive, therapeutic and care services. It is one of our basic principles to ensure that patients and their relatives know their rights and to show the necessary care and value.\n<br><br>\nWe carry out activities focused on patient safety and satisfaction. We are sensitive to the environment during our activities and always maintain environmental awareness. We implement and continuously improve the quality management system, improve and develop employee safety and satisfaction.\n<br><br>\nWe support all our staff with up-to-date trainings and show the value we give to our employees by measuring their satisfaction. We work in accordance with the principles of medical ethics without compromising the requirements of legal legislation.\n<br><br>\n<b>Quality Management System Sample Applications:<\/b>\n<br><br>\n1. In order to achieve our National Patient Safety Targets, to increase the awareness of our employees and to make Patient Safety a Corporate Culture, visual studies have been carried out and periodic trainings continue to be provided.<br><br>\n2. Within the scope of Zero Waste Management, zero waste bins are placed in all areas within the organization and awareness trainings are periodically provided to employees.<br><br>\n3. In order to improve the awareness of healthy society, we carry out the trainings needed by the society and the region with our expert staff.<br><br>\n4. Our institution, which aims to ensure that all our pregnant women experience a healthy and safe birth process, stands by our pregnant women with our childbirth trainers, physicians, midwives and nurses through the Pregnancy School Training Programs.<br><br>\n5. Online access to test results is provided to make access to the service convenient and fast for our patients.<\/div>                    <\/div>\n    <\/div>\n<\/div>\n<!-- end Split Hero -->\t\t\t\t<\/div>\n\t\t\t\t<\/div>\n\t\t\t\t<\/div>\n\t\t\t\t\t<\/div>\n\t\t\t\t<\/div>\n\t\t\t\t<\/div>","protected":false},"excerpt":{"rendered":"<p>\u00d6zel Do\u011fa Hospital Page Kalite Nedir? \u00d6zel Do\u011fa Hospital\u2019de kalite, en iyi sa\u011fl\u0131k sonu\u00e7lar\u0131na ula\u015fmak amac\u0131yla, ihtiyac\u0131 olan herkese, \u00e7al\u0131\u015fan g\u00fcvenli\u011fi ve memnuniyetinden \u00f6d\u00fcn vermeden, yeterli kaynaklara sahip tesislerde, iyi e\u011fitilmi\u015f uzmanlar taraf\u0131ndan, do\u011fru uygulamalarla, do\u011fru zamanda e\u015fit hizmetin sa\u011flanmas\u0131 olarak ifade edilmektedir Daha k\u0131sa ve anla\u015f\u0131l\u0131r bir tabirle kalite ihtiyac\u0131 g\u00f6rmek ve onu kar\u015f\u0131layabilmektir, [&hellip;]<\/p>","protected":false},"author":1,"featured_media":2988,"parent":3034,"menu_order":0,"comment_status":"closed","ping_status":"closed","template":"elementor_header_footer","meta":{"footnotes":""},"class_list":["post-2981","page","type-page","status-publish","has-post-thumbnail","hentry"],"_links":{"self":[{"href":"https:\/\/dogahospital.com\/en\/wp-json\/wp\/v2\/pages\/2981","targetHints":{"allow":["GET"]}}],"collection":[{"href":"https:\/\/dogahospital.com\/en\/wp-json\/wp\/v2\/pages"}],"about":[{"href":"https:\/\/dogahospital.com\/en\/wp-json\/wp\/v2\/types\/page"}],"author":[{"embeddable":true,"href":"https:\/\/dogahospital.com\/en\/wp-json\/wp\/v2\/users\/1"}],"replies":[{"embeddable":true,"href":"https:\/\/dogahospital.com\/en\/wp-json\/wp\/v2\/comments?post=2981"}],"version-history":[{"count":1,"href":"https:\/\/dogahospital.com\/en\/wp-json\/wp\/v2\/pages\/2981\/revisions"}],"predecessor-version":[{"id":6206,"href":"https:\/\/dogahospital.com\/en\/wp-json\/wp\/v2\/pages\/2981\/revisions\/6206"}],"up":[{"embeddable":true,"href":"https:\/\/dogahospital.com\/en\/wp-json\/wp\/v2\/pages\/3034"}],"wp:featuredmedia":[{"embeddable":true,"href":"https:\/\/dogahospital.com\/en\/wp-json\/wp\/v2\/media\/2988"}],"wp:attachment":[{"href":"https:\/\/dogahospital.com\/en\/wp-json\/wp\/v2\/media?parent=2981"}],"curies":[{"name":"wp","href":"https:\/\/api.w.org\/{rel}","templated":true}]}}