{"id":2845,"date":"2024-02-10T02:16:47","date_gmt":"2024-02-09T23:16:47","guid":{"rendered":"https:\/\/dogahospital.com\/?page_id=2845"},"modified":"2025-01-27T13:45:01","modified_gmt":"2025-01-27T10:45:01","slug":"our-mission-and-vision","status":"publish","type":"page","link":"https:\/\/dogahospital.com\/en\/corporate-2\/our-mission-and-vision\/","title":{"rendered":"Misyonumuz &#038; Vizyonumuz"},"content":{"rendered":"<div data-elementor-type=\"wp-page\" data-elementor-id=\"2845\" class=\"elementor elementor-2845\" data-elementor-settings=\"{&quot;element_pack_global_tooltip_width&quot;:{&quot;unit&quot;:&quot;px&quot;,&quot;size&quot;:&quot;&quot;,&quot;sizes&quot;:[]},&quot;element_pack_global_tooltip_width_tablet&quot;:{&quot;unit&quot;:&quot;px&quot;,&quot;size&quot;:&quot;&quot;,&quot;sizes&quot;:[]},&quot;element_pack_global_tooltip_width_mobile&quot;:{&quot;unit&quot;:&quot;px&quot;,&quot;size&quot;:&quot;&quot;,&quot;sizes&quot;:[]},&quot;element_pack_global_tooltip_padding&quot;:{&quot;unit&quot;:&quot;px&quot;,&quot;top&quot;:&quot;&quot;,&quot;right&quot;:&quot;&quot;,&quot;bottom&quot;:&quot;&quot;,&quot;left&quot;:&quot;&quot;,&quot;isLinked&quot;:true},&quot;element_pack_global_tooltip_padding_tablet&quot;:{&quot;unit&quot;:&quot;px&quot;,&quot;top&quot;:&quot;&quot;,&quot;right&quot;:&quot;&quot;,&quot;bottom&quot;:&quot;&quot;,&quot;left&quot;:&quot;&quot;,&quot;isLinked&quot;:true},&quot;element_pack_global_tooltip_padding_mobile&quot;:{&quot;unit&quot;:&quot;px&quot;,&quot;top&quot;:&quot;&quot;,&quot;right&quot;:&quot;&quot;,&quot;bottom&quot;:&quot;&quot;,&quot;left&quot;:&quot;&quot;,&quot;isLinked&quot;:true},&quot;element_pack_global_tooltip_border_radius&quot;:{&quot;unit&quot;:&quot;px&quot;,&quot;top&quot;:&quot;&quot;,&quot;right&quot;:&quot;&quot;,&quot;bottom&quot;:&quot;&quot;,&quot;left&quot;:&quot;&quot;,&quot;isLinked&quot;:true},&quot;element_pack_global_tooltip_border_radius_tablet&quot;:{&quot;unit&quot;:&quot;px&quot;,&quot;top&quot;:&quot;&quot;,&quot;right&quot;:&quot;&quot;,&quot;bottom&quot;:&quot;&quot;,&quot;left&quot;:&quot;&quot;,&quot;isLinked&quot;:true},&quot;element_pack_global_tooltip_border_radius_mobile&quot;:{&quot;unit&quot;:&quot;px&quot;,&quot;top&quot;:&quot;&quot;,&quot;right&quot;:&quot;&quot;,&quot;bottom&quot;:&quot;&quot;,&quot;left&quot;:&quot;&quot;,&quot;isLinked&quot;:true}}\" data-elementor-post-type=\"page\">\n\t\t\t\t<div class=\"elementor-element elementor-element-2689a02 e-con-full e-flex e-con e-parent\" data-id=\"2689a02\" data-element_type=\"container\" data-settings=\"{&quot;background_background&quot;:&quot;classic&quot;}\">\n\t\t<div class=\"elementor-element elementor-element-ea01f1b e-flex e-con-boxed e-con e-child\" data-id=\"ea01f1b\" data-element_type=\"container\">\n\t\t\t\t\t<div class=\"e-con-inner\">\n\t\t\t\t<div class=\"elementor-element elementor-element-b0d2a2f elementor-widget elementor-widget-heading\" data-id=\"b0d2a2f\" data-element_type=\"widget\" data-widget_type=\"heading.default\">\n\t\t\t\t<div class=\"elementor-widget-container\">\n\t\t\t\t\t<h1 class=\"elementor-heading-title elementor-size-default\">OUR VISION &amp; OUR MISSION<\/h1>\t\t\t\t<\/div>\n\t\t\t\t<\/div>\n\t\t\t\t\t<\/div>\n\t\t\t\t<\/div>\n\t\t\t\t<\/div>\n\t\t<div class=\"elementor-element elementor-element-c6cc761 e-flex e-con-boxed e-con e-parent\" data-id=\"c6cc761\" data-element_type=\"container\">\n\t\t\t\t\t<div class=\"e-con-inner\">\n\t\t\t\t<div class=\"elementor-element elementor-element-f3b7c90 elementor-widget elementor-widget-ucaddon_split_hero\" data-id=\"f3b7c90\" data-element_type=\"widget\" data-widget_type=\"ucaddon_split_hero.default\">\n\t\t\t\t<div class=\"elementor-widget-container\">\n\t\t\t\t\t\n<!-- start Split Hero -->\n\t\t<link id='font-awesome-css' href='https:\/\/dogahospital.com\/wp-content\/plugins\/unlimited-elements-for-elementor-premium\/assets_libraries\/font-awesome6\/fontawesome-all.min.css' type='text\/css' rel='stylesheet' >\n\t\t<link id='font-awesome-4-shim-css' href='https:\/\/dogahospital.com\/wp-content\/plugins\/unlimited-elements-for-elementor-premium\/assets_libraries\/font-awesome6\/fontawesome-v4-shims.min.css' type='text\/css' rel='stylesheet' >\n\n<style>\/* widget: Split Hero *\/\n\n#uc_split_hero_elementor_f3b7c90 *{\n\tbox-sizing: border-box;\n}\n#uc_split_hero_elementor_f3b7c90\n{\n\tposition:relative;\n\toverflow:hidden;\n\tclear:both;\n    display:flex;\n}\n\n.uc_title\n{\n  font-size:32px;\n}\n\n#uc_split_hero_elementor_f3b7c90 .uc_btn\n{\n  display:inline-block;\n  text-decoration:none;\n  text-align:center;\n}\n\n#uc_split_hero_elementor_f3b7c90 .uc_container_left\n{\n  flex-grow: 1;\n}\n\n#uc_split_hero_elementor_f3b7c90 .uc_container_left\n{\n    display:flex;\n}\n\n#uc_split_hero_elementor_f3b7c90 .uc_container_left .uc_container_holder{\n\n  \n}\n#uc_split_hero_elementor_f3b7c90 a.uc_logo{\n\tdisplay:block;\n    text-decoration:none;\n}\n\n\n #uc_split_hero_elementor_f3b7c90 .uc_container_right {\n\tbackground-size:cover;\n    background-position:center;\n    background-blend-mode: normal;\n   flex-shrink: 0;\n}\n\n\n@media only screen and (max-width: 420px) {\n#uc_split_hero_elementor_f3b7c90 .uc_container_right\n{\n  width:100%;\n}\n    #uc_split_hero_elementor_f3b7c90 .uc_container_left\n{\n  width:100%;\n}\n\n}\n\n<\/style>\n\n<div class=\"uc_business_header ue-hero\" id=\"uc_split_hero_elementor_f3b7c90\">\n    <div class=\"uc_container_right\" style=\"background-image:url(https:\/\/dogahospital.com\/wp-content\/uploads\/2024\/02\/misyon.png);\">\n    \t\n    <\/div>\n    \n    <div class=\"uc_container_left\">\n        <div class=\"uc_container_holder\">\t\n\n        \t                        <div class=\"uc_title\">OUR VISION<\/div>                        <div class=\"uc_paragraph uc_text\">Our mission is to deliver comprehensive healthcare services that prioritize prevention, treatment, and patient satisfaction. We are committed to employing a highly skilled and compassionate team that values ethical practices and patient-centered care. Our approach integrates advanced medical technologies and methodologies, adhering to the highest ethical standards. We are dedicated to ensuring the safety and well-being of our patients throughout their treatment journey and beyond, while maintaining cost-effectiveness in our services.<\/div>                    <\/div>\n    <\/div>\n<\/div>\n<!-- end Split Hero -->\t\t\t\t<\/div>\n\t\t\t\t<\/div>\n\t\t\t\t\t<\/div>\n\t\t\t\t<\/div>\n\t\t<div class=\"elementor-element elementor-element-0e8b334 e-flex e-con-boxed e-con e-parent\" data-id=\"0e8b334\" data-element_type=\"container\">\n\t\t\t\t\t<div class=\"e-con-inner\">\n\t\t\t\t<div class=\"elementor-element elementor-element-d5c494f elementor-widget elementor-widget-ucaddon_split_hero\" data-id=\"d5c494f\" data-element_type=\"widget\" data-widget_type=\"ucaddon_split_hero.default\">\n\t\t\t\t<div class=\"elementor-widget-container\">\n\t\t\t\t\t\n<!-- start Split Hero -->\n\n<style>\/* widget: Split Hero *\/\n\n#uc_split_hero_elementor_d5c494f *{\n\tbox-sizing: border-box;\n}\n#uc_split_hero_elementor_d5c494f\n{\n\tposition:relative;\n\toverflow:hidden;\n\tclear:both;\n    display:flex;\n}\n\n.uc_title\n{\n  font-size:32px;\n}\n\n#uc_split_hero_elementor_d5c494f .uc_btn\n{\n  display:inline-block;\n  text-decoration:none;\n  text-align:center;\n}\n\n#uc_split_hero_elementor_d5c494f .uc_container_left\n{\n  flex-grow: 1;\n}\n\n#uc_split_hero_elementor_d5c494f .uc_container_left\n{\n    display:flex;\n}\n\n#uc_split_hero_elementor_d5c494f .uc_container_left .uc_container_holder{\n\n  \n}\n#uc_split_hero_elementor_d5c494f a.uc_logo{\n\tdisplay:block;\n    text-decoration:none;\n}\n\n\n #uc_split_hero_elementor_d5c494f .uc_container_right {\n\tbackground-size:cover;\n    background-position:center;\n    background-blend-mode: normal;\n   flex-shrink: 0;\n}\n\n\n@media only screen and (max-width: 420px) {\n#uc_split_hero_elementor_d5c494f .uc_container_right\n{\n  width:100%;\n}\n    #uc_split_hero_elementor_d5c494f .uc_container_left\n{\n  width:100%;\n}\n\n}\n\n<\/style>\n\n<div class=\"uc_business_header ue-hero\" id=\"uc_split_hero_elementor_d5c494f\">\n    <div class=\"uc_container_right\" style=\"background-image:url(https:\/\/dogahospital.com\/wp-content\/uploads\/2024\/02\/vizyon.png);\">\n    \t\n    <\/div>\n    \n    <div class=\"uc_container_left\">\n        <div class=\"uc_container_holder\">\t\n\n        \t                        <div class=\"uc_title\">OUR MISSION<\/div>                        <div class=\"uc_paragraph uc_text\">It aims to be a hospital that provides quality healthcare services accessible to all segments of society, consistently leads in technology and patient satisfaction, and serves as a model institution in our region and across Turkey.<\/div>                    <\/div>\n    <\/div>\n<\/div>\n<!-- end Split Hero -->\t\t\t\t<\/div>\n\t\t\t\t<\/div>\n\t\t\t\t\t<\/div>\n\t\t\t\t<\/div>\n\t\t\t\t<\/div>","protected":false},"excerpt":{"rendered":"<p>V\u0130ZYONUMUZ &amp; M\u0130SYONUMUZ V\u0130ZYONUMUZ Koruyucu ve iyile\u015ftirici sa\u011fl\u0131k hizmetini; kendilerini mesleklerine adam\u0131\u015f, deneyimli, gen\u00e7, dinamik, \u0130nsana de\u011fer veren, g\u00fcler y\u00fczl\u00fc kadrosu ile, \u00e7a\u011fda\u015f t\u0131bb\u0131n b\u00fct\u00fcn olanaklar\u0131n\u0131 kullanarak, etik de\u011ferlerimize ba\u011fl\u0131, hastan\u0131n, ailesinin ve yak\u0131nlar\u0131n\u0131n memnuniyetini \u00f6nemseyen, tedavi s\u00fcresince ve sonlanana kadar sundu\u011fumuz t\u00fcm hizmetlerde hasta memnuniyetini ve g\u00fcvenli\u011fini garanti eden, \u00f6rnek sa\u011fl\u0131k hizmetini uygun ekonomik [&hellip;]<\/p>","protected":false},"author":1,"featured_media":2865,"parent":3034,"menu_order":0,"comment_status":"closed","ping_status":"closed","template":"elementor_header_footer","meta":{"footnotes":""},"class_list":["post-2845","page","type-page","status-publish","has-post-thumbnail","hentry"],"_links":{"self":[{"href":"https:\/\/dogahospital.com\/en\/wp-json\/wp\/v2\/pages\/2845","targetHints":{"allow":["GET"]}}],"collection":[{"href":"https:\/\/dogahospital.com\/en\/wp-json\/wp\/v2\/pages"}],"about":[{"href":"https:\/\/dogahospital.com\/en\/wp-json\/wp\/v2\/types\/page"}],"author":[{"embeddable":true,"href":"https:\/\/dogahospital.com\/en\/wp-json\/wp\/v2\/users\/1"}],"replies":[{"embeddable":true,"href":"https:\/\/dogahospital.com\/en\/wp-json\/wp\/v2\/comments?post=2845"}],"version-history":[{"count":0,"href":"https:\/\/dogahospital.com\/en\/wp-json\/wp\/v2\/pages\/2845\/revisions"}],"up":[{"embeddable":true,"href":"https:\/\/dogahospital.com\/en\/wp-json\/wp\/v2\/pages\/3034"}],"wp:featuredmedia":[{"embeddable":true,"href":"https:\/\/dogahospital.com\/en\/wp-json\/wp\/v2\/media\/2865"}],"wp:attachment":[{"href":"https:\/\/dogahospital.com\/en\/wp-json\/wp\/v2\/media?parent=2845"}],"curies":[{"name":"wp","href":"https:\/\/api.w.org\/{rel}","templated":true}]}}