{"id":1397,"date":"2024-01-25T09:57:32","date_gmt":"2024-01-25T06:57:32","guid":{"rendered":"https:\/\/dogahospital.com\/?page_id=1397"},"modified":"2025-09-19T14:06:14","modified_gmt":"2025-09-19T11:06:14","slug":"patient-rights","status":"publish","type":"page","link":"https:\/\/dogahospital.com\/en\/patient-rights\/","title":{"rendered":"Patient Rights"},"content":{"rendered":"<div data-elementor-type=\"wp-page\" data-elementor-id=\"1397\" class=\"elementor elementor-1397\" data-elementor-settings=\"{&quot;element_pack_global_tooltip_width&quot;:{&quot;unit&quot;:&quot;px&quot;,&quot;size&quot;:&quot;&quot;,&quot;sizes&quot;:[]},&quot;element_pack_global_tooltip_width_tablet&quot;:{&quot;unit&quot;:&quot;px&quot;,&quot;size&quot;:&quot;&quot;,&quot;sizes&quot;:[]},&quot;element_pack_global_tooltip_width_mobile&quot;:{&quot;unit&quot;:&quot;px&quot;,&quot;size&quot;:&quot;&quot;,&quot;sizes&quot;:[]},&quot;element_pack_global_tooltip_padding&quot;:{&quot;unit&quot;:&quot;px&quot;,&quot;top&quot;:&quot;&quot;,&quot;right&quot;:&quot;&quot;,&quot;bottom&quot;:&quot;&quot;,&quot;left&quot;:&quot;&quot;,&quot;isLinked&quot;:true},&quot;element_pack_global_tooltip_padding_tablet&quot;:{&quot;unit&quot;:&quot;px&quot;,&quot;top&quot;:&quot;&quot;,&quot;right&quot;:&quot;&quot;,&quot;bottom&quot;:&quot;&quot;,&quot;left&quot;:&quot;&quot;,&quot;isLinked&quot;:true},&quot;element_pack_global_tooltip_padding_mobile&quot;:{&quot;unit&quot;:&quot;px&quot;,&quot;top&quot;:&quot;&quot;,&quot;right&quot;:&quot;&quot;,&quot;bottom&quot;:&quot;&quot;,&quot;left&quot;:&quot;&quot;,&quot;isLinked&quot;:true},&quot;element_pack_global_tooltip_border_radius&quot;:{&quot;unit&quot;:&quot;px&quot;,&quot;top&quot;:&quot;&quot;,&quot;right&quot;:&quot;&quot;,&quot;bottom&quot;:&quot;&quot;,&quot;left&quot;:&quot;&quot;,&quot;isLinked&quot;:true},&quot;element_pack_global_tooltip_border_radius_tablet&quot;:{&quot;unit&quot;:&quot;px&quot;,&quot;top&quot;:&quot;&quot;,&quot;right&quot;:&quot;&quot;,&quot;bottom&quot;:&quot;&quot;,&quot;left&quot;:&quot;&quot;,&quot;isLinked&quot;:true},&quot;element_pack_global_tooltip_border_radius_mobile&quot;:{&quot;unit&quot;:&quot;px&quot;,&quot;top&quot;:&quot;&quot;,&quot;right&quot;:&quot;&quot;,&quot;bottom&quot;:&quot;&quot;,&quot;left&quot;:&quot;&quot;,&quot;isLinked&quot;:true}}\" data-elementor-post-type=\"page\">\n\t\t\t\t\t\t<section class=\"elementor-section elementor-top-section elementor-element elementor-element-b4a5c3d elementor-section-boxed elementor-section-height-default elementor-section-height-default\" data-id=\"b4a5c3d\" data-element_type=\"section\" data-settings=\"{&quot;background_background&quot;:&quot;classic&quot;}\">\n\t\t\t\t\t\t<div class=\"elementor-container elementor-column-gap-wider\">\n\t\t\t\t\t<div class=\"elementor-column elementor-col-100 elementor-top-column elementor-element elementor-element-de75903\" data-id=\"de75903\" data-element_type=\"column\">\n\t\t\t<div class=\"elementor-widget-wrap elementor-element-populated\">\n\t\t\t\t\t\t<div class=\"elementor-element elementor-element-3445949 elementor-widget elementor-widget-heading\" data-id=\"3445949\" data-element_type=\"widget\" data-widget_type=\"heading.default\">\n\t\t\t\t<div class=\"elementor-widget-container\">\n\t\t\t\t\t<h1 class=\"elementor-heading-title elementor-size-default\">Patient Rights<\/h1>\t\t\t\t<\/div>\n\t\t\t\t<\/div>\n\t\t\t\t<div class=\"elementor-element elementor-element-0f77d0d elementor-widget elementor-widget-breadcrumbs\" data-id=\"0f77d0d\" data-element_type=\"widget\" data-widget_type=\"breadcrumbs.default\">\n\t\t\t\t<div class=\"elementor-widget-container\">\n\t\t\t\t\t<nav aria-label=\"breadcrumbs\" class=\"rank-math-breadcrumb\"><p><span class=\"last\">Home Page<\/span><\/p><\/nav>\t\t\t\t<\/div>\n\t\t\t\t<\/div>\n\t\t\t\t\t<\/div>\n\t\t<\/div>\n\t\t\t\t\t<\/div>\n\t\t<\/section>\n\t\t\t\t<section class=\"elementor-section elementor-top-section elementor-element elementor-element-4c53a10 elementor-section-boxed elementor-section-height-default elementor-section-height-default\" data-id=\"4c53a10\" data-element_type=\"section\">\n\t\t\t\t\t\t<div class=\"elementor-container elementor-column-gap-default\">\n\t\t\t\t\t<div class=\"elementor-column elementor-col-100 elementor-top-column elementor-element elementor-element-1bbf42b\" data-id=\"1bbf42b\" data-element_type=\"column\">\n\t\t\t<div class=\"elementor-widget-wrap elementor-element-populated\">\n\t\t\t\t\t\t<div class=\"elementor-element elementor-element-9040c71 elementor-widget__width-auto elementor-widget elementor-widget-text-editor\" data-id=\"9040c71\" data-element_type=\"widget\" data-widget_type=\"text-editor.default\">\n\t\t\t\t<div class=\"elementor-widget-container\">\n\t\t\t\t\t\t\t\t\t<p><img fetchpriority=\"high\" decoding=\"async\" class=\"aligncenter wp-image-1400\" src=\"https:\/\/dogahospital.com\/wp-content\/uploads\/2024\/01\/7176317-1024x683.jpg\" alt=\"Anonymous female therapist and client sitting in armchairs during session in modern office\" width=\"675\" height=\"450\" title=\"\" srcset=\"https:\/\/dogahospital.com\/wp-content\/uploads\/2024\/01\/7176317-1024x683.jpg 1024w, https:\/\/dogahospital.com\/wp-content\/uploads\/2024\/01\/7176317-300x200.jpg 300w, https:\/\/dogahospital.com\/wp-content\/uploads\/2024\/01\/7176317-768x512.jpg 768w, https:\/\/dogahospital.com\/wp-content\/uploads\/2024\/01\/7176317-1536x1024.jpg 1536w, https:\/\/dogahospital.com\/wp-content\/uploads\/2024\/01\/7176317.jpg 1600w\" sizes=\"(max-width: 675px) 100vw, 675px\" \/><\/p><p>In our hospital, every individual who applies for health care has the following rights:<\/p><ol><li class=\"translation-block\"><strong>General Service Access<\/strong>: The right to benefit from health promotion activities and preventive health services in accordance with the principles of justice and equity.<\/li><li class=\"translation-block\"><strong>Equal Access to Services<\/strong>: The right to receive services regardless of race, language, religion, sect, gender, political opinion, philosophical belief, economic and social status.<\/li><li class=\"translation-block\"><strong>Right to Information<\/strong>: The right to be informed about all available services and facilities.<\/li><li class=\"translation-block\"><strong>Freedom to Choose and Change Institution<\/strong>: The right to choose and change the health institution and to benefit from the services at the chosen health institution.<\/li><li class=\"translation-block\"><strong>Personnel Identification and Selection<\/strong>: The right to know, choose and change the identity, duties and titles of doctors and other personnel who provide or will provide health care.<\/li><li class=\"translation-block\"><strong>Request for Information<\/strong>: The right to request verbal and written information about one's health status.<\/li><li class=\"translation-block\"><strong>Consent and Consent<\/strong>: The right to benefit from the service within the framework of informed consent in medical interventions.<\/li><li><strong>R\u0131za ve \u0130zin<\/strong>: T\u0131bbi m\u00fcdahalelerde bilgilendirilmi\u015f r\u0131za \u00e7er\u00e7evesinde hizmetten faydalanma hakk\u0131.<\/li><li><strong>Refusing and Stopping Treatment<\/strong>: Tedaviyi reddetme veya durdurulmas\u0131n\u0131 talep etme hakk\u0131.<\/li><li class=\"translation-block\"><strong>Safety<\/strong>: The right to health care in a safe environment.<\/li><li class=\"translation-block\"><strong>Fulfillment of Religious Obligations<\/strong>: The right to fulfill religious obligations to the extent of the organization's facilities and within the framework of administrative measures.<\/li><li class=\"translation-block\"><strong>To Be Respected<\/strong>: The right to receive health care with respect, care and compassion, with a friendly, kind and caring approach.<\/li><li class=\"translation-block\"><strong>Comfort<\/strong>: The right to receive health care in an environment that is hygienic and free from noise and disturbing factors.<\/li><li class=\"translation-block\"><strong>Right to Visit<\/strong>: The right to receive visitors in accordance with the procedures and principles determined by institutions and organizations.<\/li><li class=\"translation-block\"><strong>Companionship<\/strong>: The right to have a companion in accordance with the legislation, the facilities of health institutions and organizations and if the doctor deems it appropriate.<\/li><li class=\"translation-block\"><strong>Right of Appeal, Complaint and Litigation<\/strong>: In case of violation of rights, the right of recourse, complaint and lawsuit within the framework of the legislation.<\/li><li class=\"translation-block\"><strong>Continuous Service<\/strong>: The right to health care for as long as needed.<\/li><li class=\"translation-block\"><strong>Stating an Opinion<\/strong>: The right to express opinions about the services provided.<\/li><\/ol>\t\t\t\t\t\t\t\t<\/div>\n\t\t\t\t<\/div>\n\t\t\t\t\t<\/div>\n\t\t<\/div>\n\t\t\t\t\t<\/div>\n\t\t<\/section>\n\t\t\t\t<\/div>","protected":false},"excerpt":{"rendered":"<p>Ana Sayfa Hastanemizde, sa\u011fl\u0131k hizmeti almak i\u00e7in ba\u015fvuran her birey a\u015fa\u011f\u0131daki haklara sahiptir: Genel Hizmet Eri\u015fimi: Adalet ve hakkaniyet ilkeleri \u00e7er\u00e7evesinde, sa\u011fl\u0131k te\u015fvik etkinlikleri ve koruyucu sa\u011fl\u0131k hizmetlerinden faydalanma hakk\u0131. Hizmete E\u015fit Eri\u015fim: Irk, dil, din, mezhep, cinsiyet, siyasi d\u00fc\u015f\u00fcnce, felsefi inan\u00e7, ekonomik ve sosyal durum g\u00f6zetmeksizin hizmet alma hakk\u0131. Bilgilendirme Hakk\u0131: Mevcut t\u00fcm hizmet [&hellip;]<\/p>","protected":false},"author":1,"featured_media":0,"parent":0,"menu_order":0,"comment_status":"closed","ping_status":"closed","template":"","meta":{"footnotes":""},"class_list":["post-1397","page","type-page","status-publish","hentry"],"_links":{"self":[{"href":"https:\/\/dogahospital.com\/en\/wp-json\/wp\/v2\/pages\/1397","targetHints":{"allow":["GET"]}}],"collection":[{"href":"https:\/\/dogahospital.com\/en\/wp-json\/wp\/v2\/pages"}],"about":[{"href":"https:\/\/dogahospital.com\/en\/wp-json\/wp\/v2\/types\/page"}],"author":[{"embeddable":true,"href":"https:\/\/dogahospital.com\/en\/wp-json\/wp\/v2\/users\/1"}],"replies":[{"embeddable":true,"href":"https:\/\/dogahospital.com\/en\/wp-json\/wp\/v2\/comments?post=1397"}],"version-history":[{"count":0,"href":"https:\/\/dogahospital.com\/en\/wp-json\/wp\/v2\/pages\/1397\/revisions"}],"wp:attachment":[{"href":"https:\/\/dogahospital.com\/en\/wp-json\/wp\/v2\/media?parent=1397"}],"curies":[{"name":"wp","href":"https:\/\/api.w.org\/{rel}","templated":true}]}}